{"id":124,"date":"2012-03-03T19:33:57","date_gmt":"2012-03-04T00:33:57","guid":{"rendered":"http:\/\/aplv.ca\/wordpress\/?page_id=124"},"modified":"2025-07-17T16:07:34","modified_gmt":"2025-07-17T20:07:34","slug":"pour-en-etre-membre","status":"publish","type":"page","link":"https:\/\/aplv.ca\/wordpress\/?page_id=124","title":{"rendered":"Devenir membre ou membre-associ\u00e9 et contribution annuelle"},"content":{"rendered":"<p>Si vous d\u00e9sirez devenir membre ou membre-associ\u00e9, allez \u00e0 <em>\u00ab <\/em>\u00catre sur la liste d\u2019envoi \u00bb \u00e0 la page d&rsquo;acceuil, compl\u00e9tez le questionnaire en nous donnant vos coordonn\u00e9es et cotisation et faites nous les parvenir.<\/p>\n<p>L&rsquo;int\u00e9r\u00eat que vous portez \u00e0 votre lac se concr\u00e9tise par une contribution annuelle qui permet \u00e0 l&rsquo;Association de faire la vigie sur de nombreux dossiers afin de prot\u00e9ger le lac et assurer la qui\u00e9tude des propri\u00e9taires.<\/p>\n<p>La cotisation est $30 pour les membres-propri\u00e9taires et $20 pour les membres-associ\u00e9s. Nous avons donc deux cat\u00e9gories de membres. Le membre propri\u00e9taire (ancien membre r\u00e9gulier), doit poss\u00e9der une propri\u00e9t\u00e9 ou un droit de passage au lac Viceroy.\u00a0 Il a donc droit de vote \u00e0 l\u2019assembl\u00e9e g\u00e9n\u00e9rale annuelle (AGA) et la possibilit\u00e9 de se pr\u00e9senter au sein de l&rsquo;ex\u00e9cutif.\u00a0 Nous avons r\u00e9cemment d\u00e9velopp\u00e9 la cat\u00e9gorie de membres-associ\u00e9s. Celle-ci\u00a0 permet aux conjoints des membres, aux jeunes qui ne sont pas propri\u00e9taires, et aux amis de s\u2019impliquer au sein de l\u2019APLV.\u00a0 Il ne peut y avoir plus d&rsquo;un membre propri\u00e9taire par propri\u00e9t\u00e9. S\u2019il s\u2019agit d\u2019une propri\u00e9t\u00e9 familiale, un des propri\u00e9taires peut \u00eatre membre-propri\u00e9taire et les autres peuvent \u00eatre, s\u2019il le d\u00e9sire, membres-associ\u00e9s. Par contre, tous les membres et les membres-associ\u00e9s re\u00e7oivent les communications courriels de l\u2019APLV.<\/p>\n<p>L\u2019int\u00e9r\u00eat apport\u00e9 \u00e0 votre lac se concr\u00e9tise par cette contribution. C\u2019est gr\u00e2ce \u00e0 cet argent que l\u2019APLV peut faire son travail pour prot\u00e9ger le lac Viceroy.<\/p>\n<p><strong><em>Aidez-nous \u00e0 vous rejoindre rapidement <\/em><\/strong><em>pour vous informer de tout projet important concernant le lac Viceroy en nous transmettant vos coordonn\u00e9es \u00e9lectroniques en utilisant la fonction \u00ab\u00a0<\/em>\u00catre sur la liste d\u2019envoi\u00a0\u00bb<em> de notre site internet <\/em><a href=\"http:\/\/www.aplv.ca\"><em>www.aplv.ca<\/em><\/a><em>. Notre adresse \u00e9lectronique est\u00a0: <\/em><a href=\"mailto:aplv@aplv.ca\"><em>aplv@aplv.ca<\/em><\/a><em>.<\/em><\/p>\n<p>L&rsquo;avis de renouvellement est envoy\u00e9 annuellement avec le bulletin Le Dialogue, un peu avant l&rsquo;assembl\u00e9e annuelle.<\/p>\n<p>Vous pouvez aussi \u00e0 tout moment nous faire parvenir votre cotisation annuelle \u00e0 l&rsquo;adresse suivante:<\/p>\n<ul>\n<li style=\"text-align: left;\"><strong>Association des propri\u00e9taires du Lac Viceroy<\/strong><\/li>\n<li style=\"text-align: left;\"><strong>C.P. 3542<\/strong><\/li>\n<li style=\"text-align: left;\"><strong>Ch\u00e9n\u00e9ville, Qc<br \/>\n<\/strong><\/li>\n<li style=\"text-align: left;\"><strong>\u00a0J0V 1E0<\/strong><\/li>\n<\/ul>\n<p>Nous avons mis \u00e0 la disposition des membres et des membres-associ\u00e9s un nouveau mode de paiement pour faciliter les cotisations annuelles. Il est maintenant possible de faire des virements Interac. C&rsquo;est rapide, facile et pratique. Vous avez toujours le choix de nous faire parvenir les cotisations comme dans le pass\u00e9 mais nous croyons que les virements Interac sont les plus efficaces. Vous pouvez envoyer des fonds de votre institution bancaire et inscrire notre adresse courriel pour les cotisations<a href=\"mailto:aplvcotisation@aplv.ca\"><strong>: aplvcotisation@aplv.ca \u00a0<\/strong><\/a>en toute s\u00e9curit\u00e9 n&rsquo;importe quand, n&rsquo;importe o\u00f9 et sur l&rsquo;appareil de votre choix. Il est \u00e0 noter qu\u2019une ann\u00e9e de cotisation est <u>du 1 ier mai au 30 avril <\/u>.<\/p>\n<p>Voici comment proc\u00e9der pour les virements Interac :<\/p>\n<ul>\n<li>Allez sur le site de votre banque.<\/li>\n<li>Choisissez le mode de paiement virement Interac.<\/li>\n<li>Remplir le formulaire propos\u00e9.<\/li>\n<li>Inscrire le montant\u00a0: <strong>30$<\/strong> (pour 2025);membres-associ\u00e9:20$<\/li>\n<li>Choisir l\u2019option de la fr\u00e9quence\u00a0du paiement. Si vous choisissez <strong>annuelle<\/strong>, cette option vous permet de renouveler automatiquement chaque ann\u00e9e tout en ayant la possibilit\u00e9 d\u2019annuler \u00e0 tout moment.<\/li>\n<li>Inscrire le nom du destinataire : <strong>APLV<\/strong><\/li>\n<li>Inscrire notre adresse courriel pour les cotisations : <a href=\"mailto:aplvcotisation@aplv.ca\"><strong>aplvcotisation@aplv.ca<\/strong><\/a><\/li>\n<li>Inscrire votre adresse courriel pour recevoir un avis de r\u00e9ception.<\/li>\n<li>Inscrire uniquement la question de s\u00e9curit\u00e9\u00a0: <strong>nom du lac<\/strong><\/li>\n<li>Inscrire uniquement la r\u00e9ponse de s\u00e9curit\u00e9\u00a0: <strong>viceroy<\/strong><\/li>\n<li>Inscrire la raison du paiement\u00a0: <strong>2025<\/strong>\u00a0(ann\u00e9e de cotisation)<\/li>\n<li>Prendre en note votre num\u00e9ro de confirmation.<\/li>\n<\/ul>\n<p>Si vous avez des questions n\u2019h\u00e9sitez pas \u00e0 nous contacter \u00e0 notre adresse courriel : aplv@aplv.ca<\/p>\n<p>Pour avoir droit de vote lors de l&rsquo;assembl\u00e9e annuelle, vous devez \u00eatre un membre en r\u00e8gle.<\/p>\n<p>Les dons additionnels sont aussi accept\u00e9s.<\/p>\n","protected":false},"excerpt":{"rendered":"<p>Si vous d\u00e9sirez devenir membre ou membre-associ\u00e9, allez \u00e0 \u00ab \u00catre sur la liste d\u2019envoi \u00bb \u00e0 la page d&rsquo;acceuil, compl\u00e9tez le questionnaire en nous donnant vos coordonn\u00e9es et cotisation et faites nous les parvenir. L&rsquo;int\u00e9r\u00eat que vous portez \u00e0 &hellip; <a href=\"https:\/\/aplv.ca\/wordpress\/?page_id=124\">Continuer la lecture <span class=\"meta-nav\">&rarr;<\/span><\/a><\/p>\n","protected":false},"author":1,"featured_media":0,"parent":0,"menu_order":0,"comment_status":"closed","ping_status":"closed","template":"sidebar-page.php","meta":{"footnotes":""},"class_list":["post-124","page","type-page","status-publish","hentry"],"_links":{"self":[{"href":"https:\/\/aplv.ca\/wordpress\/index.php?rest_route=\/wp\/v2\/pages\/124","targetHints":{"allow":["GET"]}}],"collection":[{"href":"https:\/\/aplv.ca\/wordpress\/index.php?rest_route=\/wp\/v2\/pages"}],"about":[{"href":"https:\/\/aplv.ca\/wordpress\/index.php?rest_route=\/wp\/v2\/types\/page"}],"author":[{"embeddable":true,"href":"https:\/\/aplv.ca\/wordpress\/index.php?rest_route=\/wp\/v2\/users\/1"}],"replies":[{"embeddable":true,"href":"https:\/\/aplv.ca\/wordpress\/index.php?rest_route=%2Fwp%2Fv2%2Fcomments&post=124"}],"version-history":[{"count":29,"href":"https:\/\/aplv.ca\/wordpress\/index.php?rest_route=\/wp\/v2\/pages\/124\/revisions"}],"predecessor-version":[{"id":1523,"href":"https:\/\/aplv.ca\/wordpress\/index.php?rest_route=\/wp\/v2\/pages\/124\/revisions\/1523"}],"wp:attachment":[{"href":"https:\/\/aplv.ca\/wordpress\/index.php?rest_route=%2Fwp%2Fv2%2Fmedia&parent=124"}],"curies":[{"name":"wp","href":"https:\/\/api.w.org\/{rel}","templated":true}]}}