{"id":1260,"date":"2021-03-24T09:12:41","date_gmt":"2021-03-24T13:12:41","guid":{"rendered":"https:\/\/aplv.ca\/wordpress\/?page_id=1260"},"modified":"2022-08-19T17:30:56","modified_gmt":"2022-08-19T21:30:56","slug":"regroupement-de-protection-des-lacs-de-la-petite-nation","status":"publish","type":"page","link":"https:\/\/aplv.ca\/wordpress\/?page_id=1260","title":{"rendered":"Regroupement de protection des lacs de la Petite-Nation"},"content":{"rendered":"<p><span class=\"d2edcug0 hpfvmrgz qv66sw1b c1et5uql lr9zc1uh a8c37x1j keod5gw0 nxhoafnm aigsh9s9 d3f4x2em fe6kdd0r mau55g9w c8b282yb iv3no6db jq4qci2q a3bd9o3v knj5qynh oo9gr5id hzawbc8m\" dir=\"auto\"><span class=\"d2edcug0 hpfvmrgz qv66sw1b c1et5uql lr9zc1uh jq4qci2q a3bd9o3v knj5qynh oo9gr5id hzawbc8m\">Ce site s\u2019adresse \u00e0 tous ceux qui veillent \u00e0 la sant\u00e9 de l&rsquo;environnement et \u00e0 la qualit\u00e9 de vie dans la r\u00e9gion de la Petite-Nation<\/span><\/span>.<\/p>\n<p><a href=\"http:\/\/facebook.com\/RPLPN\">http:\/\/facebook.com\/RPLPN<\/a><\/p>\n<div class=\"elementor-element elementor-element-278c6d4 elementor-widget elementor-widget-text-editor animated fadeIn\" data-id=\"278c6d4\" data-element_type=\"widget\" data-settings=\"{&quot;_animation&quot;:&quot;fadeIn&quot;}\" data-widget_type=\"text-editor.default\">\n<div class=\"elementor-widget-container\">\n<p>Regroupement de protection des lacs\u00a0de la Petite-Nation (RPLPN).<\/p>\n<\/div>\n<\/div>\n<div class=\"elementor-element elementor-element-9520ad7 elementor-widget elementor-widget-text-editor animated fadeIn\" data-id=\"9520ad7\" data-element_type=\"widget\" data-settings=\"{&quot;_animation&quot;:&quot;fadeIn&quot;}\" data-widget_type=\"text-editor.default\">\n<div class=\"elementor-widget-container\">\n<p>Situ\u00e9e sur un territoire des Premi\u00e8res Nations Kitigan Zibi Anishinabeg ( KZA ), la Petite-Nation forme un triangle vert de proximit\u00e9 avec Montr\u00e9al, Ottawa\/Gatineau et Mont-Tremblant. Dans cette r\u00e9gion bucolique et modul\u00e9e par son relief se cachent des lacs qui font la fiert\u00e9 de ses r\u00e9sidents.<\/p>\n<p>Nous sommes un regroupement de 10 associations de protection de lacs, situ\u00e9s dans la Petite-Nation.<\/p>\n<\/div>\n<\/div>\n<p>Pour plus de renseignements\u00a0 pour Regroupement de protection des lacs de la Petite-Nation (RPLPN): protectionpetitenation.com<\/p>\n","protected":false},"excerpt":{"rendered":"<p>Ce site s\u2019adresse \u00e0 tous ceux qui veillent \u00e0 la sant\u00e9 de l&rsquo;environnement et \u00e0 la qualit\u00e9 de vie dans la r\u00e9gion de la Petite-Nation. http:\/\/facebook.com\/RPLPN Regroupement de protection des lacs\u00a0de la Petite-Nation (RPLPN). Situ\u00e9e sur un territoire des Premi\u00e8res &hellip; <a href=\"https:\/\/aplv.ca\/wordpress\/?page_id=1260\">Continuer la lecture <span class=\"meta-nav\">&rarr;<\/span><\/a><\/p>\n","protected":false},"author":1,"featured_media":0,"parent":0,"menu_order":0,"comment_status":"closed","ping_status":"closed","template":"","meta":{"footnotes":""},"class_list":["post-1260","page","type-page","status-publish","hentry"],"_links":{"self":[{"href":"https:\/\/aplv.ca\/wordpress\/index.php?rest_route=\/wp\/v2\/pages\/1260","targetHints":{"allow":["GET"]}}],"collection":[{"href":"https:\/\/aplv.ca\/wordpress\/index.php?rest_route=\/wp\/v2\/pages"}],"about":[{"href":"https:\/\/aplv.ca\/wordpress\/index.php?rest_route=\/wp\/v2\/types\/page"}],"author":[{"embeddable":true,"href":"https:\/\/aplv.ca\/wordpress\/index.php?rest_route=\/wp\/v2\/users\/1"}],"replies":[{"embeddable":true,"href":"https:\/\/aplv.ca\/wordpress\/index.php?rest_route=%2Fwp%2Fv2%2Fcomments&post=1260"}],"version-history":[{"count":7,"href":"https:\/\/aplv.ca\/wordpress\/index.php?rest_route=\/wp\/v2\/pages\/1260\/revisions"}],"predecessor-version":[{"id":1429,"href":"https:\/\/aplv.ca\/wordpress\/index.php?rest_route=\/wp\/v2\/pages\/1260\/revisions\/1429"}],"wp:attachment":[{"href":"https:\/\/aplv.ca\/wordpress\/index.php?rest_route=%2Fwp%2Fv2%2Fmedia&parent=1260"}],"curies":[{"name":"wp","href":"https:\/\/api.w.org\/{rel}","templated":true}]}}