{"id":128,"date":"2012-03-03T19:24:05","date_gmt":"2012-03-04T00:24:05","guid":{"rendered":"http:\/\/aplv.ca\/wordpress\/?page_id=128"},"modified":"2018-07-10T17:11:34","modified_gmt":"2018-07-10T21:11:34","slug":"bulletin-le-dialogue","status":"publish","type":"page","link":"https:\/\/aplv.ca\/wordpress\/?page_id=128","title":{"rendered":"Bulletin Le Dialogue"},"content":{"rendered":"<p>Le Dialogue est le bulletin annuel de l&rsquo;association qui relate les faits saillants de la derni\u00e8re ann\u00e9e, et annonce la prochaine r\u00e9union annuelle. Il inclut aussi l&rsquo;avis de cotisation pour la prochaine ann\u00e9e.<\/p>\n<p>Le Dialogue est envoy\u00e9 aux membres et aux membres-associ\u00e9s soit par courriel si nous avons vos adresses courriels ou par la poste \u00e0 votre r\u00e9sidence au co\u00fbt de 5$. Nous voulons envoyer le Dialogue \u00e0 tous nos membres par courriel pour sauver temps et argent. <strong>Donc, ceux qui nous ont pas encore donn\u00e9es leurs adresses courriels, s&rsquo;il vous plait faites nous les faire parvenir le plus t\u00f4t que possible<\/strong>.<\/p>\n","protected":false},"excerpt":{"rendered":"<p>Le Dialogue est le bulletin annuel de l&rsquo;association qui relate les faits saillants de la derni\u00e8re ann\u00e9e, et annonce la prochaine r\u00e9union annuelle. Il inclut aussi l&rsquo;avis de cotisation pour la prochaine ann\u00e9e. Le Dialogue est envoy\u00e9 aux membres et &hellip; <a href=\"https:\/\/aplv.ca\/wordpress\/?page_id=128\">Continuer la lecture <span class=\"meta-nav\">&rarr;<\/span><\/a><\/p>\n","protected":false},"author":1,"featured_media":0,"parent":0,"menu_order":0,"comment_status":"closed","ping_status":"closed","template":"sidebar-page.php","meta":{"footnotes":""},"class_list":["post-128","page","type-page","status-publish","hentry"],"_links":{"self":[{"href":"https:\/\/aplv.ca\/wordpress\/index.php?rest_route=\/wp\/v2\/pages\/128","targetHints":{"allow":["GET"]}}],"collection":[{"href":"https:\/\/aplv.ca\/wordpress\/index.php?rest_route=\/wp\/v2\/pages"}],"about":[{"href":"https:\/\/aplv.ca\/wordpress\/index.php?rest_route=\/wp\/v2\/types\/page"}],"author":[{"embeddable":true,"href":"https:\/\/aplv.ca\/wordpress\/index.php?rest_route=\/wp\/v2\/users\/1"}],"replies":[{"embeddable":true,"href":"https:\/\/aplv.ca\/wordpress\/index.php?rest_route=%2Fwp%2Fv2%2Fcomments&post=128"}],"version-history":[{"count":18,"href":"https:\/\/aplv.ca\/wordpress\/index.php?rest_route=\/wp\/v2\/pages\/128\/revisions"}],"predecessor-version":[{"id":930,"href":"https:\/\/aplv.ca\/wordpress\/index.php?rest_route=\/wp\/v2\/pages\/128\/revisions\/930"}],"wp:attachment":[{"href":"https:\/\/aplv.ca\/wordpress\/index.php?rest_route=%2Fwp%2Fv2%2Fmedia&parent=128"}],"curies":[{"name":"wp","href":"https:\/\/api.w.org\/{rel}","templated":true}]}}