{"id":134,"date":"2012-03-03T19:24:57","date_gmt":"2012-03-04T00:24:57","guid":{"rendered":"http:\/\/aplv.ca\/wordpress\/?page_id=134"},"modified":"2012-05-21T15:05:25","modified_gmt":"2012-05-21T19:05:25","slug":"revitalisation-des-berges","status":"publish","type":"page","link":"https:\/\/aplv.ca\/wordpress\/?page_id=134","title":{"rendered":"Revitalisation des berges"},"content":{"rendered":"<p>Les deux municipalit\u00e9s ont maintenant des r\u00e8glements qui obligent les propri\u00e9taires de terrain riverain dont la rive n&rsquo;est plus \u00e0 l&rsquo;\u00e9tat naturel \u00e0 proc\u00e9der \u00e0 la renaturalisation des hautes eaux, et ce, sur toute la largeur du terrain.<\/p>\n<p>Afin de vous aider dans l&rsquo;am\u00e9nagement de votre terrain, voici quelques illustrations qui vous permettront de choisir les plantes appropri\u00e9es en fonction du terrain (sec \u00e0 mi-sec, semi-sec \u00e0 humide, humide ou derri\u00e8re un muret) et aussi en fonction de pente du terrain.<\/p>\n<p><a href=\"https:\/\/aplv.ca\/wordpress\/wp-content\/uploads\/2012\/03\/img1_p51.jpg\"><img loading=\"lazy\" decoding=\"async\" class=\"aligncenter size-full wp-image-556\" title=\"img1_p5\" src=\"https:\/\/aplv.ca\/wordpress\/wp-content\/uploads\/2012\/03\/img1_p51.jpg\" alt=\"\" width=\"345\" height=\"191\" srcset=\"https:\/\/aplv.ca\/wordpress\/wp-content\/uploads\/2012\/03\/img1_p51.jpg 345w, https:\/\/aplv.ca\/wordpress\/wp-content\/uploads\/2012\/03\/img1_p51-300x166.jpg 300w\" sizes=\"auto, (max-width: 345px) 100vw, 345px\" \/><\/a><\/p>\n<p><a href=\"https:\/\/aplv.ca\/wordpress\/wp-content\/uploads\/2012\/03\/img2_p6.jpg\"><img loading=\"lazy\" decoding=\"async\" class=\"aligncenter size-full wp-image-557\" title=\"img2_p6\" src=\"https:\/\/aplv.ca\/wordpress\/wp-content\/uploads\/2012\/03\/img2_p6.jpg\" alt=\"\" width=\"345\" height=\"191\" srcset=\"https:\/\/aplv.ca\/wordpress\/wp-content\/uploads\/2012\/03\/img2_p6.jpg 345w, https:\/\/aplv.ca\/wordpress\/wp-content\/uploads\/2012\/03\/img2_p6-300x166.jpg 300w\" sizes=\"auto, (max-width: 345px) 100vw, 345px\" \/><\/a><\/p>\n<p><a href=\"https:\/\/aplv.ca\/wordpress\/wp-content\/uploads\/2012\/03\/img3_p6.jpg\"><img loading=\"lazy\" decoding=\"async\" class=\"aligncenter size-full wp-image-558\" title=\"img3_p6\" src=\"https:\/\/aplv.ca\/wordpress\/wp-content\/uploads\/2012\/03\/img3_p6.jpg\" alt=\"\" width=\"345\" height=\"191\" srcset=\"https:\/\/aplv.ca\/wordpress\/wp-content\/uploads\/2012\/03\/img3_p6.jpg 345w, https:\/\/aplv.ca\/wordpress\/wp-content\/uploads\/2012\/03\/img3_p6-300x166.jpg 300w\" sizes=\"auto, (max-width: 345px) 100vw, 345px\" \/><\/a><\/p>\n<p><a href=\"https:\/\/aplv.ca\/wordpress\/wp-content\/uploads\/2012\/03\/img4_p6.jpg\"><img loading=\"lazy\" decoding=\"async\" class=\"aligncenter size-full wp-image-559\" title=\"img4_p6\" src=\"https:\/\/aplv.ca\/wordpress\/wp-content\/uploads\/2012\/03\/img4_p6.jpg\" alt=\"\" width=\"345\" height=\"191\" srcset=\"https:\/\/aplv.ca\/wordpress\/wp-content\/uploads\/2012\/03\/img4_p6.jpg 345w, https:\/\/aplv.ca\/wordpress\/wp-content\/uploads\/2012\/03\/img4_p6-300x166.jpg 300w\" sizes=\"auto, (max-width: 345px) 100vw, 345px\" \/><\/a><\/p>\n<div><a href=\"https:\/\/aplv.ca\/wordpress\/wp-content\/uploads\/2012\/03\/img5_p6.jpg\"><img loading=\"lazy\" decoding=\"async\" class=\"aligncenter size-full wp-image-560\" title=\"img5_p6\" src=\"https:\/\/aplv.ca\/wordpress\/wp-content\/uploads\/2012\/03\/img5_p6.jpg\" alt=\"\" width=\"345\" height=\"191\" srcset=\"https:\/\/aplv.ca\/wordpress\/wp-content\/uploads\/2012\/03\/img5_p6.jpg 345w, https:\/\/aplv.ca\/wordpress\/wp-content\/uploads\/2012\/03\/img5_p6-300x166.jpg 300w\" sizes=\"auto, (max-width: 345px) 100vw, 345px\" \/><\/a><\/div>\n<div><a href=\"https:\/\/aplv.ca\/wordpress\/wp-content\/uploads\/2012\/03\/img6_p6.jpg\"><img loading=\"lazy\" decoding=\"async\" class=\"aligncenter size-full wp-image-561\" title=\"img6_p6\" src=\"https:\/\/aplv.ca\/wordpress\/wp-content\/uploads\/2012\/03\/img6_p6.jpg\" alt=\"\" width=\"345\" height=\"191\" srcset=\"https:\/\/aplv.ca\/wordpress\/wp-content\/uploads\/2012\/03\/img6_p6.jpg 345w, https:\/\/aplv.ca\/wordpress\/wp-content\/uploads\/2012\/03\/img6_p6-300x166.jpg 300w\" sizes=\"auto, (max-width: 345px) 100vw, 345px\" \/><\/a><\/div>\n<div><a href=\"https:\/\/aplv.ca\/wordpress\/wp-content\/uploads\/2012\/03\/img7_p6.jpg\"><img loading=\"lazy\" decoding=\"async\" class=\"aligncenter size-full wp-image-562\" title=\"img7_p6\" src=\"https:\/\/aplv.ca\/wordpress\/wp-content\/uploads\/2012\/03\/img7_p6.jpg\" alt=\"\" width=\"345\" height=\"191\" srcset=\"https:\/\/aplv.ca\/wordpress\/wp-content\/uploads\/2012\/03\/img7_p6.jpg 345w, https:\/\/aplv.ca\/wordpress\/wp-content\/uploads\/2012\/03\/img7_p6-300x166.jpg 300w\" sizes=\"auto, (max-width: 345px) 100vw, 345px\" \/><\/a><\/div>\n","protected":false},"excerpt":{"rendered":"<p>Les deux municipalit\u00e9s ont maintenant des r\u00e8glements qui obligent les propri\u00e9taires de terrain riverain dont la rive n&rsquo;est plus \u00e0 l&rsquo;\u00e9tat naturel \u00e0 proc\u00e9der \u00e0 la renaturalisation des hautes eaux, et ce, sur toute la largeur du terrain. Afin de &hellip; <a href=\"https:\/\/aplv.ca\/wordpress\/?page_id=134\">Continuer la lecture <span class=\"meta-nav\">&rarr;<\/span><\/a><\/p>\n","protected":false},"author":1,"featured_media":0,"parent":93,"menu_order":0,"comment_status":"closed","ping_status":"closed","template":"sidebar-page.php","meta":{"footnotes":""},"class_list":["post-134","page","type-page","status-publish","hentry"],"_links":{"self":[{"href":"https:\/\/aplv.ca\/wordpress\/index.php?rest_route=\/wp\/v2\/pages\/134","targetHints":{"allow":["GET"]}}],"collection":[{"href":"https:\/\/aplv.ca\/wordpress\/index.php?rest_route=\/wp\/v2\/pages"}],"about":[{"href":"https:\/\/aplv.ca\/wordpress\/index.php?rest_route=\/wp\/v2\/types\/page"}],"author":[{"embeddable":true,"href":"https:\/\/aplv.ca\/wordpress\/index.php?rest_route=\/wp\/v2\/users\/1"}],"replies":[{"embeddable":true,"href":"https:\/\/aplv.ca\/wordpress\/index.php?rest_route=%2Fwp%2Fv2%2Fcomments&post=134"}],"version-history":[{"count":11,"href":"https:\/\/aplv.ca\/wordpress\/index.php?rest_route=\/wp\/v2\/pages\/134\/revisions"}],"predecessor-version":[{"id":564,"href":"https:\/\/aplv.ca\/wordpress\/index.php?rest_route=\/wp\/v2\/pages\/134\/revisions\/564"}],"up":[{"embeddable":true,"href":"https:\/\/aplv.ca\/wordpress\/index.php?rest_route=\/wp\/v2\/pages\/93"}],"wp:attachment":[{"href":"https:\/\/aplv.ca\/wordpress\/index.php?rest_route=%2Fwp%2Fv2%2Fmedia&parent=134"}],"curies":[{"name":"wp","href":"https:\/\/api.w.org\/{rel}","templated":true}]}}