{"id":1361,"date":"2021-04-25T16:40:13","date_gmt":"2021-04-25T20:40:13","guid":{"rendered":"https:\/\/aplv.ca\/wordpress\/?page_id=1361"},"modified":"2025-04-30T21:08:00","modified_gmt":"2025-05-01T01:08:00","slug":"statistiques-depart-de-la-glace-calage-du-lac-viceroy","status":"publish","type":"page","link":"https:\/\/aplv.ca\/wordpress\/?page_id=1361","title":{"rendered":"Statistiques d\u00e9part de la glace (Calage) du Lac Viceroy"},"content":{"rendered":"<p><strong>Il est int\u00e9ressant de pouvoir comparer les dates du d\u00e9part de la glace sur le Lac Viceroy:<\/strong><\/p>\n<p>1997 = 2 mai<\/p>\n<p>1998 = 16 avril<\/p>\n<p>1999 =26 avril<\/p>\n<p>2000 = 26 avril<\/p>\n<p>2001 = 27 avril<\/p>\n<p>2002 = 18 avril<\/p>\n<p>2003 = 29 avril<\/p>\n<p>2004 = 20 avril<\/p>\n<p>2005 = 24 avril<\/p>\n<p>2006 = 18 avril<\/p>\n<p>2007 = 25 avril<\/p>\n<p>2008 = 26 avril<\/p>\n<p>2009 = 20 avril<\/p>\n<p>2010 = 5 avril<\/p>\n<p>2011 = 28 avril<\/p>\n<p>2012 = 7 avril<\/p>\n<p>2013 = 30 avril<\/p>\n<p>2014 = 1 mai<\/p>\n<p>2015 = 27 avril<\/p>\n<p>2016 = 22 avril<\/p>\n<p>2017 = 22 avril<\/p>\n<p>2018 = 8 mai<\/p>\n<p>2019 = 5 mai<\/p>\n<p>2020 = 1 mai<\/p>\n<p>2021 = 11 avril<\/p>\n<p>2022 = 24 avril<\/p>\n<p>2023 = 23 avril<\/p>\n<p>2024\u00a0 = 10 avril<\/p>\n<p>2025 = 23 avril<\/p>\n","protected":false},"excerpt":{"rendered":"<p>Il est int\u00e9ressant de pouvoir comparer les dates du d\u00e9part de la glace sur le Lac Viceroy: 1997 = 2 mai 1998 = 16 avril 1999 =26 avril 2000 = 26 avril 2001 = 27 avril 2002 = 18 avril &hellip; <a href=\"https:\/\/aplv.ca\/wordpress\/?page_id=1361\">Continuer la lecture <span class=\"meta-nav\">&rarr;<\/span><\/a><\/p>\n","protected":false},"author":1,"featured_media":0,"parent":0,"menu_order":0,"comment_status":"closed","ping_status":"closed","template":"","meta":{"footnotes":""},"class_list":["post-1361","page","type-page","status-publish","hentry"],"_links":{"self":[{"href":"https:\/\/aplv.ca\/wordpress\/index.php?rest_route=\/wp\/v2\/pages\/1361","targetHints":{"allow":["GET"]}}],"collection":[{"href":"https:\/\/aplv.ca\/wordpress\/index.php?rest_route=\/wp\/v2\/pages"}],"about":[{"href":"https:\/\/aplv.ca\/wordpress\/index.php?rest_route=\/wp\/v2\/types\/page"}],"author":[{"embeddable":true,"href":"https:\/\/aplv.ca\/wordpress\/index.php?rest_route=\/wp\/v2\/users\/1"}],"replies":[{"embeddable":true,"href":"https:\/\/aplv.ca\/wordpress\/index.php?rest_route=%2Fwp%2Fv2%2Fcomments&post=1361"}],"version-history":[{"count":7,"href":"https:\/\/aplv.ca\/wordpress\/index.php?rest_route=\/wp\/v2\/pages\/1361\/revisions"}],"predecessor-version":[{"id":1521,"href":"https:\/\/aplv.ca\/wordpress\/index.php?rest_route=\/wp\/v2\/pages\/1361\/revisions\/1521"}],"wp:attachment":[{"href":"https:\/\/aplv.ca\/wordpress\/index.php?rest_route=%2Fwp%2Fv2%2Fmedia&parent=1361"}],"curies":[{"name":"wp","href":"https:\/\/api.w.org\/{rel}","templated":true}]}}