{"id":25,"date":"2012-02-19T16:50:58","date_gmt":"2012-02-19T21:50:58","guid":{"rendered":"http:\/\/aplv.ca\/wordpress\/?page_id=25"},"modified":"2023-06-23T12:37:00","modified_gmt":"2023-06-23T16:37:00","slug":"lac-viceroy","status":"publish","type":"page","link":"https:\/\/aplv.ca\/wordpress\/","title":{"rendered":"Bienvenue sur le site de l&rsquo;Association des propri\u00e9taires du lac Viceroy"},"content":{"rendered":"<p><img loading=\"lazy\" decoding=\"async\" class=\"wp-image-372 alignleft\" title=\"g logo couleur\" src=\"https:\/\/aplv.ca\/wordpress\/wp-content\/uploads\/2012\/04\/g-logo-couleur-300x258.jpg\" alt=\"\" width=\"180\" height=\"155\" srcset=\"https:\/\/aplv.ca\/wordpress\/wp-content\/uploads\/2012\/04\/g-logo-couleur-300x258.jpg 300w, https:\/\/aplv.ca\/wordpress\/wp-content\/uploads\/2012\/04\/g-logo-couleur.jpg 342w\" sizes=\"auto, (max-width: 180px) 100vw, 180px\" \/><em>Cette famille de huards, comme embl\u00e8me, repr\u00e9sente bien le lien d&rsquo;ap<\/em><em>partenance au lac Viceroy. Nous aimons penser que c&rsquo;est toujours la m\u00eame qui revient d&rsquo;ann\u00e9e en ann\u00e9e tout comme plusieurs familles qui sont ici de g\u00e9n\u00e9rations en g\u00e9n\u00e9rations.\u00a0<\/em><em>Symbole de la vie sauvage et de la tranquilit\u00e9, le huard nous inspire respect et fiert\u00e9.\u00a0<\/em><em>(logo con\u00e7u par Donald Turcotte en 1997)<\/em><\/p>\r\n<p style=\"text-align: center;\"><strong>DOSSIERS<\/strong><\/p>\r\n<p><strong>Rappel: respectons notre lac, en bateau aussi<\/strong><\/p>\r\n<p><a href=\"https:\/\/aplv.ca\/wordpress\/wp-content\/uploads\/2012\/02\/VFI-Croix-Rouge.jpg\"><img loading=\"lazy\" decoding=\"async\" class=\"alignleft size-thumbnail wp-image-664\" title=\"VFI-Croix-Rouge\" src=\"https:\/\/aplv.ca\/wordpress\/wp-content\/uploads\/2012\/02\/VFI-Croix-Rouge-150x150.jpg\" alt=\"\" width=\"150\" height=\"150\" \/><\/a><\/p>\r\n<p style=\"text-align: justify;\">Nous avons d\u00e9j\u00e0 sur notre site un code d\u2019\u00e9thique pour encadrer \u00a0les \u00a0activit\u00e9s \u00a0nautiques (sous \u00abR\u00e8gles de navigation \u00bb). Ce r\u00e9sum\u00e9 est un simple rappel en ce d\u00e9but de saison.<\/p>\r\n<p style=\"text-align: justify;\">Le code est fond\u00e9 sur deux principes \u2013 le respect de l\u2019environnement naturel et le respect d\u2019autrui \u2013 et vise deux objectifs \u2013 la protection de l\u2019\u00e9cosyst\u00e8me du lac et la pr\u00e9servation de la qualit\u00e9 de vie de tous les riverains et\u00a0utilisateurs de notre lac.<\/p>\r\n<p style=\"text-align: justify;\"><img loading=\"lazy\" decoding=\"async\" class=\"alignleft wp-image-951 size-full\" title=\"Pancarte _zone70m et vitesses\" src=\"https:\/\/aplv.ca\/wordpress\/wp-content\/uploads\/2018\/07\/Pancarte-_zone70m-et-vitesses.jpg\" alt=\"\" width=\"1312\" height=\"3840\" srcset=\"https:\/\/aplv.ca\/wordpress\/wp-content\/uploads\/2018\/07\/Pancarte-_zone70m-et-vitesses.jpg 1312w, https:\/\/aplv.ca\/wordpress\/wp-content\/uploads\/2018\/07\/Pancarte-_zone70m-et-vitesses-103x300.jpg 103w, https:\/\/aplv.ca\/wordpress\/wp-content\/uploads\/2018\/07\/Pancarte-_zone70m-et-vitesses-768x2248.jpg 768w, https:\/\/aplv.ca\/wordpress\/wp-content\/uploads\/2018\/07\/Pancarte-_zone70m-et-vitesses-350x1024.jpg 350w\" sizes=\"auto, (max-width: 1312px) 100vw, 1312px\" \/><\/p>\r\n<p>\u00c0 cet \u00e9gard, rappelons qu\u2019il existe une zone de protection \u00e0 vitesse limit\u00e9e le long des rives, pr\u00e8s des environnements plus fragiles et autour de zones se pr\u00eatant \u00e0 des activit\u00e9s paisibles (natation, promenade en kayak ou en canot, observation d\u2019oiseaux, p\u00eache).<\/p>\r\n<p><strong>Qualit\u00e9 de l&rsquo;eau<\/strong><\/p>\r\n<p>Assurez-vous que votre embarcation satisfait \u00e0 tous les r\u00e8glements concernant les r\u00e9servoirs de vidange. Prenez toutes les pr\u00e9cautions n\u00e9cessaires pour \u00e9viter de verser des mati\u00e8res polluantes dans le lac (d\u00e9tergent, essence, huile, etc.).<\/p>\r\n<p><strong>Vagues<\/strong><\/p>\r\n<p>Les vagues sont la cause principale de l\u2019\u00e9rosion des rives ainsi que des dommages pouvant affecter de fragiles \u00e9cosyst\u00e8mes, tels que les fray\u00e8res, les marais et autre habitats d\u2019animaux. En plus, les vagues peuvent causer des renversements de bateaux, des d\u00e9placements de quais.<\/p>\r\n<p>Afin de r\u00e9duire la production de vagues et de limiter les risques d\u2019accident, respectez les limites de vitesse suivantes:<\/p>\r\n<p style=\"padding-left: 30px;\">\u2022 10 km\/h (6 mph), sans vagues, \u00e0 moins de 70 m des berges (voir la carte sous \u00ab R\u00e8gles de navigation \u00bb)<\/p>\r\n<p style=\"padding-left: 30px;\">\u2022 55 km\/h (35 mph) ailleurs (le jour, de 7 h \u00e0 21 h)<\/p>\r\n<p style=\"padding-left: 30px;\">\u2022 25 km\/h (15 mph) ailleurs (la nuit, de 21 h \u00e0 7 h)<\/p>\r\n<p>Soulignons que les nageurs et les embarcations non motoris\u00e9es ont priorit\u00e9 sur les embarcations motoris\u00e9es, et qu\u2019on ne doit jamais s\u2019approcher \u00e0 moins de 50 m d\u2019un nageur ou d\u2019un kayak, canot ou p\u00e9dalo, ni \u00e0 moins de 100 m d\u2019une zone de baignade.<\/p>\r\n<p><strong>Bruit<\/strong><\/p>\r\n<p>La pollution par le bruit constitue l\u2019un des soucis majeurs sur le lac et ses alentours et doit \u00eatre r\u00e9duite au minimum. Les embarcations motoris\u00e9es doivent \u00eatre munies d\u2019un silencieux non modifi\u00e9, et le niveau sonore de tout syst\u00e8me de son doit \u00eatre ajust\u00e9 afin de r\u00e9pondre aux seuls besoins des occupants de l\u2019embarcation. Vous pouvez maintenant vous procurer une embarcation \u00e9lectrique. Allez sur leur site: https:\/\/visionmarinetechnologies.com\/volt-en\/?fbclid=IwAR2cf-MLjLyMCcMiVO4Tnaaj-Pk9_44BcJRwujKnJYuwxyM-T42GqQAh5PQ. Ils sont situ\u00e9 au 730 boulevard Cur\u00e9-Boivin \u00e0 Boisbriand au Qu\u00e9bec .Il est \u00e0 noter que les feux d&rsquo;artifices sont aussi une source de polution sonore en plus de polution de l&rsquo;air.<\/p>\r\n<p><strong>Motomarines et bateaux \u00e0 haute performance<\/strong><\/p>\r\n<p>Ces embarcations poss\u00e8dent le plus fort potentiel de nuisance pour le lac. Ceux qui s\u2019en servent doivent en \u00eatre particuli\u00e8rement conscients; les acrobaties, les poursuites, les cercles r\u00e9p\u00e9t\u00e9s et les chavirements intentionnels sont des comportements inacceptables. <strong>Selon les \u00e9tudes universitaires les plus r\u00e9centes, les bateaux de type Wake boat qui utilisent des amplificateurs de vagues (ballast) doivent naviguer dans un passage d\u2019au moins 600 m\u00e8tres de large et \u00e0 5 m\u00e8tres de profondeur pour \u00e9viter de causer de l\u2019\u00e9rosion aux berges. Sur le lac Viceroy, un seul corridor tr\u00e8s restreint offre ces caract\u00e9ristiques. Pour cette raison nous vous encourageons fortement \u00e0 \u00e9viter l\u2019utilisation de ce type d\u2019embarcation et \u00e0 sensibiliser vos voisins ou invit\u00e9s \u00e0 faire de m\u00eame. Pour en savoir plus, consultez le site web de la Coalition Navigation (coalitionnavigation.ca).<\/strong><\/p>\r\n<p><span style=\"color: #000000;\"><strong>Le processus d\u2019eutrophisation ou le vieillissement des lacs <\/strong><\/span><\/p>\r\n<p>L\u2019eutrophisation est un processus naturel qui se produit g\u00e9n\u00e9ralement sur plusieurs milliers d\u2019ann\u00e9es. Au fil des ans, le lac se remplit de s\u00e9diments et de mati\u00e8res organiques jusqu\u2019\u00e0 ce qu\u2019il devienne ultimement une tourbi\u00e8re puis un milieu forestier. Malheureusement, les activit\u00e9s humaines de plus en plus nombreuses autour des lacs am\u00e8nent une quantit\u00e9 importante de s\u00e9diments dans le lac qui s\u2019ajoute \u00e0 l\u2019apport naturel d\u00e9j\u00e0 existant. Cet ajout suppl\u00e9mentaire contribue \u00e0 l\u2019acc\u00e9l\u00e9ration du ph\u00e9nom\u00e8ne d\u2019eutrophisation.<\/p>\r\n<p>Le lac Viceroy est encore en bonne sant\u00e9 (oligotrophe), mais nous constatons qu\u2019il devient de plus en plus en danger \u00e0 cause de l\u2019\u00e9rosion non naturelle. Ce ph\u00e9nom\u00e8ne gruge sous la surface du sol et attaque les racines des arbres ou arbustes riverains. Les s\u00e9diments se retrouvent dans l\u2019eau et la v\u00e9g\u00e9tation de m\u00eame. De cette fa\u00e7on l\u2019\u00e9rosion s\u2019amplifit de plus en plus et de plus en plus vite. La majorit\u00e9 des riverains respectent de garder leur bande riveraine le plus naturelle possible, reboisement, pas de coupe d\u2019arbre, ni de gazon. Le probl\u00e8me provient des embarcations moteurs qui font des vagues de plus en plus grosses et qui deviennent l\u2019ennemi num\u00e9ro 1 pour conserver une bande riveraine en bonne sant\u00e9. \u00a0Plusieurs chalets se vendent ou sont \u00e0 vendre et les embarcations moteurs se multiplies. Nous sommes conscients qu\u2019une petite embarcation peut faire des grosses vagues si elle est call\u00e9e dans l\u2019eau. Mais quand d\u2019embl\u00e9e ce sont des bateaux \u00e0 ballastes qui arrivent sur le lac, il y a de quoi s\u2019inqui\u00e9ter\u2026<\/p>\r\n<p><strong>Les feux d\u2019artifices<\/strong><\/p>\r\n<p>L\u2019utilisation des feux d\u2019artifices aux abords du lac Viceroy est fr\u00e9quente. Lorsque les feux d&rsquo;artifice explosent, ils lib\u00e8rent des fum\u00e9es, gaz, d\u00e9bris et particules qui se r\u00e9pandent dans l\u2019air, dans l\u2019eau et sur le sol. Ces polluants peuvent \u00eatre inhal\u00e9s par le public et par les animaux et se retrouver dans l&rsquo;environnement, notamment les cours d&rsquo;eau.\u00a0<\/p>\r\n<p>L\u2019hydrog\u00e8ne sulfur\u00e9, le m\u00e9thane, le dioxyde de soufre ou encore les particules fines \u00e9mis dans l\u2019atmosph\u00e8re \u00e0 des taux localement \u00e9lev\u00e9s, sont notamment susceptibles de p\u00e9n\u00e9trer dans les poumons des spectateurs. D\u2019autres substances toxiques sont d\u00e9gag\u00e9es \u00e0 l\u2019explosion comme le phosphore qui entra\u00eene une eutrophisation des lacs.<\/p>\r\n<p>L\u2019eutrophisation est le processus qui normalement se fait sur des dizaines de milliers d\u2019ann\u00e9es. C\u2019est entre autres, ce processus qui explique comment un lac se transforme progressivement en marais, puis en tourbi\u00e8re ou en prairie. Ce processus acc\u00e9l\u00e8re la prolif\u00e9ration des algues et du phytoplancton et \u00e0 pour effets de r\u00e9duire la visibilit\u00e9 et de rendre les eaux verd\u00e2tres ou brun\u00e2tres.<\/p>\r\n<p>De plus, avec les feux de for\u00eats qui se multiplient chaque ann\u00e9e, nous avons une responsabilit\u00e9 suppl\u00e9mentaire face \u00e0 l\u2019utilisation des engins pyrotechniques. La moindre \u00e9tincelle peut allumer un feu de for\u00eat et causer des dommages \u00e0 notre belle r\u00e9gion.<\/p>\r\n<p>La beaut\u00e9 du lac Viceroy est un joyaux qu\u2019il faut pr\u00e9server et c\u2019est pour ces raisons que l\u2019APLV fait des d\u00e9marches aupr\u00e8s des 2 municipalit\u00e9s qui l\u2019abritent pour demander l\u2019interdiction compl\u00e8te de l\u2019utilisation des feux artifices. Il est \u00e0 noter <strong>qu&rsquo;un permis<\/strong> est exig\u00e9 par nos deux municiplit\u00e9s pour l&rsquo;utilisation des feux d&rsquo;artifices.<\/p>\r\n<p><strong>\u00a0<\/strong><\/p>\r\n<p><strong>La petite histoire du chemin de fer de la Compagnie Singer<\/strong><\/p>\r\n<p style=\"text-align: left;\"><a href=\"https:\/\/aplv.ca\/wordpress\/wp-content\/uploads\/2012\/09\/Historique-APLV-par-SP.pdf\"><img loading=\"lazy\" decoding=\"async\" class=\"alignleft size-thumbnail wp-image-611\" title=\"image train\" src=\"https:\/\/aplv.ca\/wordpress\/wp-content\/uploads\/2012\/09\/image-train-150x150.jpg\" alt=\"\" width=\"150\" height=\"150\" \/><\/a><span style=\"color: #000000;\"><a style=\"color: #000000;\" href=\"https:\/\/aplv.ca\/wordpress\/wp-content\/uploads\/2012\/09\/Historique-APLV-par-SP.pdf\">La Compagnie Singer, fond\u00e9e en 1906 \u00e0 Boston (Massachusetts), importait du bois pour la fabrication de ses tables de machines \u00e0 coudre. Mais en 1922, elle d\u00e9cide d&rsquo;acheter un droit de coupe sur des terres de la r\u00e9gion et d\u2019y construire une scierie. L\u2019acquisition de 500 milles carr\u00e9s de for\u00eat au nord et au nord-ouest de Thurso se fait en 1923 pour la somme de 500 000 dollars\u2026 \u00bb<\/a><\/span><\/p>\r\n<p><strong>Le point sur la prospection mini\u00e8re pr\u00e8s de notre lac<\/strong><\/p>\r\n<p><a href=\"https:\/\/aplv.ca\/wordpress\/wp-content\/uploads\/2012\/09\/Mise-\u00e0-jour-sur-la-prospection-mini\u00e8re.pdf\"><img loading=\"lazy\" decoding=\"async\" class=\"alignleft size-thumbnail wp-image-610\" title=\"image mine2\" src=\"https:\/\/aplv.ca\/wordpress\/wp-content\/uploads\/2012\/09\/image-mine2-150x150.jpg\" alt=\"\" width=\"150\" height=\"150\" \/><\/a><span style=\"color: #000000;\"><a style=\"color: #000000;\" href=\"https:\/\/aplv.ca\/wordpress\/wp-content\/uploads\/2012\/09\/Mise-\u00e0-jour-sur-la-prospection-mini\u00e8re.pdf\">Nous avons d\u00e9couvert qu\u2019il y avait de la prospection mini\u00e8re juste \u00e0 l\u2019ouest du lac Viceroy, o\u00f9 deux prospecteurs avaient acquis onze \u00ab claims \u00bb \u2013 rectangles de 60 hectares chacun qui donnent un droit exclusif sur l\u2019exploration du sous-sol.\u00a0 Nous avons nous-m\u00eame achet\u00e9 le reste des claims de notre bassin versant\u2026 \u00bb <\/a><a href=\"https:\/\/aplv.ca\/wordpress\/wp-content\/uploads\/2012\/09\/Mise-\u00e0-jour-sur-la-prospection-mini\u00e8re.pdf\"> aplv.ca\/&#8230;Mise-\u00e0-jour-sur-la-prospection-mini\u00e8re.pdf<\/a><\/span><\/p>\r\n<p><strong>La municipalit\u00e9 de Ripon a adh\u00e9r\u00e9 au programme Bon Voisin, Bon Oeil<\/strong><\/p>\r\n<p><img loading=\"lazy\" decoding=\"async\" class=\"alignleft size-thumbnail wp-image-604\" title=\"logo protection voisinage\" src=\"https:\/\/aplv.ca\/wordpress\/wp-content\/uploads\/2012\/09\/logo-protection-voisinage-150x150.jpg\" alt=\"\" width=\"150\" height=\"150\" \/><\/p>\r\n<p>C\u2019est un programme de protection du voisinage mis sur pied par la S\u00fbret\u00e9 du Qu\u00e9bec, en collaboration avec le Bureau d\u2019assurance du Canada. Ce programme est essentiellement ax\u00e9 sur la pr\u00e9vention contre le vol par effraction dans les r\u00e9sidences.\u00a0Si vous \u00eates t\u00e9moin d\u2019un incident, n\u2019h\u00e9sitez pas \u00e0 communiquer avec la municipalit\u00e9 de Ripon.<\/p>\r\n\r\n<p>&nbsp;<\/p>\r\n","protected":false},"excerpt":{"rendered":"<p>Cette famille de huards, comme embl\u00e8me, repr\u00e9sente bien le lien d&rsquo;appartenance au lac Viceroy. Nous aimons penser que c&rsquo;est toujours la m\u00eame qui revient d&rsquo;ann\u00e9e en ann\u00e9e tout comme plusieurs familles qui sont ici de g\u00e9n\u00e9rations en g\u00e9n\u00e9rations.\u00a0Symbole de la &hellip; <a href=\"https:\/\/aplv.ca\/wordpress\/\">Continuer la lecture <span class=\"meta-nav\">&rarr;<\/span><\/a><\/p>\n","protected":false},"author":1,"featured_media":0,"parent":0,"menu_order":1,"comment_status":"closed","ping_status":"closed","template":"sidebar-page.php","meta":{"footnotes":""},"class_list":["post-25","page","type-page","status-publish","hentry"],"_links":{"self":[{"href":"https:\/\/aplv.ca\/wordpress\/index.php?rest_route=\/wp\/v2\/pages\/25","targetHints":{"allow":["GET"]}}],"collection":[{"href":"https:\/\/aplv.ca\/wordpress\/index.php?rest_route=\/wp\/v2\/pages"}],"about":[{"href":"https:\/\/aplv.ca\/wordpress\/index.php?rest_route=\/wp\/v2\/types\/page"}],"author":[{"embeddable":true,"href":"https:\/\/aplv.ca\/wordpress\/index.php?rest_route=\/wp\/v2\/users\/1"}],"replies":[{"embeddable":true,"href":"https:\/\/aplv.ca\/wordpress\/index.php?rest_route=%2Fwp%2Fv2%2Fcomments&post=25"}],"version-history":[{"count":177,"href":"https:\/\/aplv.ca\/wordpress\/index.php?rest_route=\/wp\/v2\/pages\/25\/revisions"}],"predecessor-version":[{"id":1447,"href":"https:\/\/aplv.ca\/wordpress\/index.php?rest_route=\/wp\/v2\/pages\/25\/revisions\/1447"}],"wp:attachment":[{"href":"https:\/\/aplv.ca\/wordpress\/index.php?rest_route=%2Fwp%2Fv2%2Fmedia&parent=25"}],"curies":[{"name":"wp","href":"https:\/\/api.w.org\/{rel}","templated":true}]}}