{"id":328,"date":"2012-04-06T16:28:25","date_gmt":"2012-04-06T20:28:25","guid":{"rendered":"http:\/\/aplv.ca\/wordpress\/?page_id=328"},"modified":"2022-07-20T22:27:33","modified_gmt":"2022-07-21T02:27:33","slug":"etre-sur-le-liste-denvoi","status":"publish","type":"page","link":"https:\/\/aplv.ca\/wordpress\/?page_id=328","title":{"rendered":"\u00catre sur la liste d&rsquo;envoi"},"content":{"rendered":"<p>Si voulez \u00eatre sur la liste d&rsquo;envoi, vous devez \u00eatre membre ou membre-associ\u00e9. Si vous d\u00e9sirez le devenir, faites-nous parvenir vos coordonn\u00e9es et votre cotisation soit par interac (aplvcotisation@aplv.ca) ou \u00e0 l\u2019adresse suivante:<\/p>\n<ul>\n<li><strong>Association des propri\u00e9taires du Lac Viceroy<\/strong><\/li>\n<li><strong>C.P. 3542<\/strong><\/li>\n<li><strong>Ch\u00e9n\u00e9ville, Qc<br \/>\n<\/strong><\/li>\n<li><strong>\u00a0J0V 1E0<\/strong><\/li>\n<\/ul>\n<p>et vos coordonn\u00e9es \u00e0 l&rsquo;aide du formulaire qui suit:<\/p>\n<script type=\"text\/javascript\">var gform;gform||(document.addEventListener(\"gform_main_scripts_loaded\",function(){gform.scriptsLoaded=!0}),window.addEventListener(\"DOMContentLoaded\",function(){gform.domLoaded=!0}),gform={domLoaded:!1,scriptsLoaded:!1,initializeOnLoaded:function(o){gform.domLoaded&&gform.scriptsLoaded?o():!gform.domLoaded&&gform.scriptsLoaded?window.addEventListener(\"DOMContentLoaded\",o):document.addEventListener(\"gform_main_scripts_loaded\",o)},hooks:{action:{},filter:{}},addAction:function(o,n,r,t){gform.addHook(\"action\",o,n,r,t)},addFilter:function(o,n,r,t){gform.addHook(\"filter\",o,n,r,t)},doAction:function(o){gform.doHook(\"action\",o,arguments)},applyFilters:function(o){return gform.doHook(\"filter\",o,arguments)},removeAction:function(o,n){gform.removeHook(\"action\",o,n)},removeFilter:function(o,n,r){gform.removeHook(\"filter\",o,n,r)},addHook:function(o,n,r,t,i){null==gform.hooks[o][n]&&(gform.hooks[o][n]=[]);var e=gform.hooks[o][n];null==i&&(i=n+\"_\"+e.length),gform.hooks[o][n].push({tag:i,callable:r,priority:t=null==t?10:t})},doHook:function(n,o,r){var t;if(r=Array.prototype.slice.call(r,1),null!=gform.hooks[n][o]&&((o=gform.hooks[n][o]).sort(function(o,n){return o.priority-n.priority}),o.forEach(function(o){\"function\"!=typeof(t=o.callable)&&(t=window[t]),\"action\"==n?t.apply(null,r):r[0]=t.apply(null,r)})),\"filter\"==n)return r[0]},removeHook:function(o,n,t,i){var r;null!=gform.hooks[o][n]&&(r=(r=gform.hooks[o][n]).filter(function(o,n,r){return!!(null!=i&&i!=o.tag||null!=t&&t!=o.priority)}),gform.hooks[o][n]=r)}});<\/script>\n                <div class='gf_browser_gecko gform_wrapper gform_legacy_markup_wrapper' id='gform_wrapper_1' >\n                        <div class='gform_heading'>\n                            <h3 class=\"gform_title\">Vos coordonn\u00e9es:<\/h3>\n                            <span class='gform_description'><\/span>\n                        <\/div><form method='post' enctype='multipart\/form-data'  id='gform_1'  action='\/wordpress\/index.php?rest_route=%2Fwp%2Fv2%2Fpages%2F328' >\n                        <div class='gform_body gform-body'><ul id='gform_fields_1' class='gform_fields top_label form_sublabel_below description_below'><li id=\"field_1_3\"  class=\"gfield field_sublabel_below field_description_below gfield_visibility_visible\"  data-js-reload=\"field_1_3\"><label class='gfield_label screen-reader-text' for='input_1_3' ><\/label><div class='ginput_container ginput_container_select'><select name='input_3' id='input_1_3' class='small gfield_select'     aria-invalid=\"false\" ><option value='M.' >M.<\/option><option value='Mme' >Mme<\/option><option value='' ><\/option><\/select><\/div><\/li><li id=\"field_1_4\"  class=\"gfield field_sublabel_below field_description_below gfield_visibility_visible\"  data-js-reload=\"field_1_4\"><label class='gfield_label'  >Pr\u00e9nom<\/label><div class='ginput_container ginput_container_name'>\n                                    <input name='input_4' id='input_1_4' type='text' value='' class='medium'    aria-invalid=\"false\"   \/>\n                                <\/div><\/li><li id=\"field_1_5\"  class=\"gfield field_sublabel_below field_description_below gfield_visibility_visible\"  data-js-reload=\"field_1_5\"><label class='gfield_label'  >Nom<\/label><div class='ginput_container ginput_container_name'>\n                                    <input name='input_5' id='input_1_5' type='text' value='' class='medium'    aria-invalid=\"false\"   \/>\n                                <\/div><\/li><li id=\"field_1_24\"  class=\"gfield gfield--width-full field_sublabel_below field_description_below gfield_visibility_visible\"  data-js-reload=\"field_1_24\"><label class='gfield_label gfield_label_before_complex'  >Nom du conjoint \/ Nom de la conjointe<\/label><div class='ginput_complex ginput_container no_prefix has_first_name no_middle_name has_last_name no_suffix gf_name_has_2 ginput_container_name' id='input_1_24'>\n                            \n                            <span id='input_1_24_3_container' class='name_first' >\n                                                    <input type='text' name='input_24.3' id='input_1_24_3' value=''   aria-required='false'     \/>\n                                                    <label for='input_1_24_3' >Pr\u00e9nom conjoint(e)<\/label>\n                                                <\/span>\n                            \n                            <span id='input_1_24_6_container' class='name_last' >\n                                                    <input type='text' name='input_24.6' id='input_1_24_6' value=''   aria-required='false'     \/>\n                                                    <label for='input_1_24_6' >Nom conjoint(e)<\/label>\n                                                <\/span>\n                            \n                        <\/div><\/li><li id=\"field_1_1\"  class=\"gfield field_sublabel_below field_description_below gfield_visibility_visible\"  data-js-reload=\"field_1_1\"><label class='gfield_label' for='input_1_1' >Adresse courriel<\/label><div class='ginput_container ginput_container_email'>\n                            <input name='input_1' id='input_1_1' type='text' value='' class='medium'     aria-invalid=\"false\"  \/>\n                        <\/div><\/li><li id=\"field_1_7\"  class=\"gfield field_sublabel_below field_description_below gfield_visibility_visible\"  data-js-reload=\"field_1_7\"><label class='gfield_label' for='input_1_7' >Adresse postale: no. civique (99) ou no. d&#039;appartement - no. civique (888-99)<\/label><div class='ginput_container ginput_container_text'><input name='input_7' id='input_1_7' type='text' value='' class='small'      aria-invalid=\"false\"   \/> <\/div><\/li><li id=\"field_1_19\"  class=\"gfield field_sublabel_below field_description_below gfield_visibility_visible\"  data-js-reload=\"field_1_19\"><label class='gfield_label' for='input_1_19' >Adresse postale:<\/label><div class='ginput_container ginput_container_text'><input name='input_19' id='input_1_19' type='text' value='' class='medium'      aria-invalid=\"false\"   \/> <\/div><\/li><li id=\"field_1_8\"  class=\"gfield field_sublabel_below field_description_below gfield_visibility_visible\"  data-js-reload=\"field_1_8\"><label class='gfield_label' for='input_1_8' >Ville, Municipalit\u00e9<\/label><div class='ginput_container ginput_container_text'><input name='input_8' id='input_1_8' type='text' value='' class='medium'      aria-invalid=\"false\"   \/> <\/div><\/li><li id=\"field_1_9\"  class=\"gfield field_sublabel_below field_description_below gfield_visibility_visible\"  data-js-reload=\"field_1_9\"><label class='gfield_label' for='input_1_9' >Province<\/label><div class='ginput_container ginput_container_select'><select name='input_9' id='input_1_9' class='medium gfield_select'     aria-invalid=\"false\" ><option value='Qu\u00e9bec' >Qu\u00e9bec<\/option><option value='Ontario' >Ontario<\/option><option value='Alberta' >Alberta<\/option><option value='Colombie Britannique' >Colombie Britannique<\/option><option value='Ile du Prince Edouard' >Ile du Prince Edouard<\/option><option value='Manitoba' >Manitoba<\/option><option value='Nouveau Brunswick' >Nouveau Brunswick<\/option><option value='Nouvelle \u00c9cosse' >Nouvelle \u00c9cosse<\/option><option value='Saskatshewan' >Saskatshewan<\/option><option value='Terre Neuve' >Terre Neuve<\/option><\/select><\/div><\/li><li id=\"field_1_10\"  class=\"gfield field_sublabel_below field_description_below gfield_visibility_visible\"  data-js-reload=\"field_1_10\"><label class='gfield_label' for='input_1_10' >Code postal (Z9Z-9Z9)<\/label><div class='ginput_container ginput_container_text'><input name='input_10' id='input_1_10' type='text' value='' class='small'      aria-invalid=\"false\"   \/> <\/div><\/li><li id=\"field_1_11\"  class=\"gfield field_sublabel_below field_description_below gfield_visibility_visible\"  data-js-reload=\"field_1_11\"><label class='gfield_label' for='input_1_11' >T\u00e9l\u00e9phone (999-999-9999)<\/label><div class='ginput_container ginput_container_text'><input name='input_11' id='input_1_11' type='text' value='' class='small'      aria-invalid=\"false\"   \/> <\/div><\/li><li id=\"field_1_12\"  class=\"gfield field_sublabel_below field_description_below gfield_visibility_visible\"  data-js-reload=\"field_1_12\"><label class='gfield_label'  >cochez si votre adresse au lac Viceroy est la m\u00eame que votre adresse postale. Si ce n&#039;est pas le cas, entrez vos coordonn\u00e9es au lac Viceroy ci-apr\u00e8s.<\/label><div class='ginput_container ginput_container_radio'><ul class='gfield_radio' id='input_1_12'>\n\t\t\t<li class='gchoice gchoice_1_12_0'>\n\t\t\t\t<input name='input_12' type='radio' value=''  id='choice_1_12_0'    \/>\n\t\t\t\t<label for='choice_1_12_0' id='label_1_12_0'><\/label>\n\t\t\t<\/li><\/ul><\/div><\/li><li id=\"field_1_14\"  class=\"gfield field_sublabel_below field_description_below gfield_visibility_visible\"  data-js-reload=\"field_1_14\"><label class='gfield_label' for='input_1_14' >Adresse au lac Viceroy: no civique<\/label><div class='ginput_container ginput_container_text'><input name='input_14' id='input_1_14' type='text' value='' class='small'      aria-invalid=\"false\"   \/> <\/div><\/li><li id=\"field_1_20\"  class=\"gfield field_sublabel_below field_description_below gfield_visibility_visible\"  data-js-reload=\"field_1_20\"><label class='gfield_label' for='input_1_20' >Adresse au lac Viceroy:<\/label><div class='ginput_container ginput_container_text'><input name='input_20' id='input_1_20' type='text' value='' class='medium'      aria-invalid=\"false\"   \/> <\/div><\/li><li id=\"field_1_18\"  class=\"gfield field_sublabel_below field_description_below gfield_visibility_visible\"  data-js-reload=\"field_1_18\"><label class='gfield_label' for='input_1_18' >Municipalit\u00e9<\/label><div class='ginput_container ginput_container_select'><select name='input_18' id='input_1_18' class='medium gfield_select'     aria-invalid=\"false\" ><option value='Ripon' >Ripon<\/option><option value='Lac Simon' >Lac Simon<\/option><\/select><\/div><\/li><li id=\"field_1_17\"  class=\"gfield field_sublabel_below field_description_below gfield_visibility_visible\"  data-js-reload=\"field_1_17\"><label class='gfield_label' for='input_1_17' >T\u00e9l\u00e9phone (999-999-9999)<\/label><div class='ginput_container ginput_container_text'><input name='input_17' id='input_1_17' type='text' value='' class='small'      aria-invalid=\"false\"   \/> <\/div><\/li><li id=\"field_1_21\"  class=\"gfield field_sublabel_below field_description_below gfield_visibility_visible\"  data-js-reload=\"field_1_21\"><label class='gfield_label' for='input_1_21' >Captcha<\/label><div id='input_1_21' class='ginput_container ginput_recaptcha' data-sitekey='6LeshCMaAAAAABiBo-4H24vsFJZJ05ClnHs0Avc6'  data-theme='light' data-tabindex='0'  data-badge=''><\/div><\/li><li id=\"field_1_23\"  class=\"gfield field_sublabel_below field_description_below gfield_visibility_hidden\"  data-js-reload=\"field_1_23\"><div class='admin-hidden-markup'><i class='gform-icon gform-icon--hidden'><\/i><span>Hidden<\/span><\/div><label class='gfield_label' for='input_1_23' >Sans titre<\/label><div class='ginput_container ginput_container_select'><select name='input_23' id='input_1_23' class='medium gfield_select'     aria-invalid=\"false\" ><option value='Premier choix' >Premier choix<\/option><option value='Deuxi\u00e8me choix' >Deuxi\u00e8me choix<\/option><option value='Troisi\u00e8me choix' >Troisi\u00e8me choix<\/option><\/select><\/div><\/li><\/ul><\/div>\n        <div class='gform_footer top_label'> <input type='submit' id='gform_submit_button_1' class='gform_button button' value='Envoyer \u00e0 aplv@aplv.ca'  onclick='if(window[\"gf_submitting_1\"]){return false;}  window[\"gf_submitting_1\"]=true;  ' onkeypress='if( event.keyCode == 13 ){ if(window[\"gf_submitting_1\"]){return false;} window[\"gf_submitting_1\"]=true;  jQuery(\"#gform_1\").trigger(\"submit\",[true]); }' \/> \n            <input type='hidden' class='gform_hidden' name='is_submit_1' value='1' \/>\n            <input type='hidden' class='gform_hidden' name='gform_submit' value='1' \/>\n            \n            <input type='hidden' class='gform_hidden' name='gform_unique_id' value='' \/>\n            <input type='hidden' class='gform_hidden' name='state_1' value='WyJbXSIsImIyNjlhZDMxNDRjYWUxNTUyMzBlZDM1NDA3OGJmNDU1Il0=' \/>\n            <input type='hidden' class='gform_hidden' name='gform_target_page_number_1' id='gform_target_page_number_1' value='0' \/>\n            <input type='hidden' class='gform_hidden' name='gform_source_page_number_1' id='gform_source_page_number_1' value='1' \/>\n            <input type='hidden' name='gform_field_values' value='' \/>\n            \n        <\/div>\n                        <\/form>\n                        <\/div>\n","protected":false},"excerpt":{"rendered":"<p>Si voulez \u00eatre sur la liste d&rsquo;envoi, vous devez \u00eatre membre ou membre-associ\u00e9. Si vous d\u00e9sirez le devenir, faites-nous parvenir vos coordonn\u00e9es et votre cotisation soit par interac (aplvcotisation@aplv.ca) ou \u00e0 l\u2019adresse suivante: Association des propri\u00e9taires du Lac Viceroy C.P. &hellip; <a href=\"https:\/\/aplv.ca\/wordpress\/?page_id=328\">Continuer la lecture <span class=\"meta-nav\">&rarr;<\/span><\/a><\/p>\n","protected":false},"author":1,"featured_media":0,"parent":0,"menu_order":0,"comment_status":"closed","ping_status":"closed","template":"","meta":{"footnotes":""},"class_list":["post-328","page","type-page","status-publish","hentry"],"_links":{"self":[{"href":"https:\/\/aplv.ca\/wordpress\/index.php?rest_route=\/wp\/v2\/pages\/328","targetHints":{"allow":["GET"]}}],"collection":[{"href":"https:\/\/aplv.ca\/wordpress\/index.php?rest_route=\/wp\/v2\/pages"}],"about":[{"href":"https:\/\/aplv.ca\/wordpress\/index.php?rest_route=\/wp\/v2\/types\/page"}],"author":[{"embeddable":true,"href":"https:\/\/aplv.ca\/wordpress\/index.php?rest_route=\/wp\/v2\/users\/1"}],"replies":[{"embeddable":true,"href":"https:\/\/aplv.ca\/wordpress\/index.php?rest_route=%2Fwp%2Fv2%2Fcomments&post=328"}],"version-history":[{"count":23,"href":"https:\/\/aplv.ca\/wordpress\/index.php?rest_route=\/wp\/v2\/pages\/328\/revisions"}],"predecessor-version":[{"id":1418,"href":"https:\/\/aplv.ca\/wordpress\/index.php?rest_route=\/wp\/v2\/pages\/328\/revisions\/1418"}],"wp:attachment":[{"href":"https:\/\/aplv.ca\/wordpress\/index.php?rest_route=%2Fwp%2Fv2%2Fmedia&parent=328"}],"curies":[{"name":"wp","href":"https:\/\/api.w.org\/{rel}","templated":true}]}}