{"id":58,"date":"2012-03-03T16:40:49","date_gmt":"2012-03-03T21:40:49","guid":{"rendered":"http:\/\/aplv.ca\/wordpress\/?page_id=58"},"modified":"2022-07-11T08:50:31","modified_gmt":"2022-07-11T12:50:31","slug":"nous-joindre","status":"publish","type":"page","link":"https:\/\/aplv.ca\/wordpress\/?page_id=58","title":{"rendered":"Nous joindre"},"content":{"rendered":"<p>Vous pouvez nous rejoindre par courriel: <strong>aplv@aplv.ca<\/strong><\/p>\n<p>Pour faire une cotisation par virement interac: <strong>aplvcotisation@aplv.ca<\/strong><\/p>\n<p>Ou par notre adresse postale:<\/p>\n<p><strong>Association des propri\u00e9taires du Lac Viceroy<\/strong><br \/>\n<strong>C.P. 3542<\/strong><br \/>\n<strong>Ch\u00e9n\u00e9ville, Qc<\/strong><br \/>\n<strong>J0V 1E0<\/strong><\/p>\n","protected":false},"excerpt":{"rendered":"<p>Vous pouvez nous rejoindre par courriel: aplv@aplv.ca Pour faire une cotisation par virement interac: aplvcotisation@aplv.ca Ou par notre adresse postale: Association des propri\u00e9taires du Lac Viceroy C.P. 3542 Ch\u00e9n\u00e9ville, Qc J0V 1E0<\/p>\n","protected":false},"author":1,"featured_media":0,"parent":0,"menu_order":0,"comment_status":"closed","ping_status":"closed","template":"","meta":{"footnotes":""},"class_list":["post-58","page","type-page","status-publish","hentry"],"_links":{"self":[{"href":"https:\/\/aplv.ca\/wordpress\/index.php?rest_route=\/wp\/v2\/pages\/58","targetHints":{"allow":["GET"]}}],"collection":[{"href":"https:\/\/aplv.ca\/wordpress\/index.php?rest_route=\/wp\/v2\/pages"}],"about":[{"href":"https:\/\/aplv.ca\/wordpress\/index.php?rest_route=\/wp\/v2\/types\/page"}],"author":[{"embeddable":true,"href":"https:\/\/aplv.ca\/wordpress\/index.php?rest_route=\/wp\/v2\/users\/1"}],"replies":[{"embeddable":true,"href":"https:\/\/aplv.ca\/wordpress\/index.php?rest_route=%2Fwp%2Fv2%2Fcomments&post=58"}],"version-history":[{"count":30,"href":"https:\/\/aplv.ca\/wordpress\/index.php?rest_route=\/wp\/v2\/pages\/58\/revisions"}],"predecessor-version":[{"id":1413,"href":"https:\/\/aplv.ca\/wordpress\/index.php?rest_route=\/wp\/v2\/pages\/58\/revisions\/1413"}],"wp:attachment":[{"href":"https:\/\/aplv.ca\/wordpress\/index.php?rest_route=%2Fwp%2Fv2%2Fmedia&parent=58"}],"curies":[{"name":"wp","href":"https:\/\/api.w.org\/{rel}","templated":true}]}}