{"id":614,"date":"2012-09-23T10:43:43","date_gmt":"2012-09-23T14:43:43","guid":{"rendered":"http:\/\/aplv.ca\/wordpress\/?page_id=614"},"modified":"2022-08-19T17:13:51","modified_gmt":"2022-08-19T21:13:51","slug":"dossier-sur-la-prospection-miniere","status":"publish","type":"page","link":"https:\/\/aplv.ca\/wordpress\/?page_id=614","title":{"rendered":"Dossier sur la prospection mini\u00e8re"},"content":{"rendered":"<p><strong>D\u00e9cembre 2011<\/strong><\/p>\r\n<p><a href=\"https:\/\/aplv.ca\/wordpress\/wp-content\/uploads\/2012\/07\/claims-APLV.pdf\"><img loading=\"lazy\" decoding=\"async\" class=\"alignleft size-thumbnail wp-image-408\" title=\"mining\" src=\"https:\/\/aplv.ca\/wordpress\/wp-content\/uploads\/2012\/02\/mining-150x150.jpg\" alt=\"\" width=\"150\" height=\"150\" \/><\/a><\/p>\r\n<p><span style=\"color: #3366ff;\"><a style=\"color: #3366ff;\" href=\"https:\/\/aplv.ca\/wordpress\/wp-content\/uploads\/2012\/07\/claims-APLV.pdf\">Il y a un risque de prospection mini\u00e8re non loin de notre lac.<\/a><\/span><\/p>\r\n<p><span style=\"color: #3366ff;\"><a style=\"color: #3366ff;\" href=\"https:\/\/aplv.ca\/wordpress\/wp-content\/uploads\/2012\/07\/claims-APLV.pdf\">En effet, nous avons appris fin ao\u00fbt que des concessions d\u2019exploration (le minist\u00e8re des Ressources naturelles les appelle des \u00ab claims \u00bb) avaient \u00e9t\u00e9 achet\u00e9es par diverses soci\u00e9t\u00e9s mini\u00e8res dans la Petite-Nation, notamment dans les Montagnes noires&#8230;<\/a><\/span><\/p>\r\n<p>&nbsp;<\/p>\r\n<p><strong>Septembre 2012<\/strong><\/p>\r\n<p><a href=\"https:\/\/aplv.ca\/wordpress\/wp-content\/uploads\/2012\/09\/Mise-\u00e0-jour-sur-la-prospection-mini\u00e8re.pdf\"><img loading=\"lazy\" decoding=\"async\" class=\"alignleft size-thumbnail wp-image-610\" title=\"image mine2\" src=\"https:\/\/aplv.ca\/wordpress\/wp-content\/uploads\/2012\/09\/image-mine2-150x150.jpg\" alt=\"\" width=\"150\" height=\"150\" \/><\/a><\/p>\r\n<p><a href=\"https:\/\/aplv.ca\/wordpress\/wp-content\/uploads\/2012\/09\/Mise-\u00e0-jour-sur-la-prospection-mini\u00e8re.pdf\"><span style=\"color: #3366ff;\">Le point sur la prospection mini\u00e8re pr\u00e8s de notre lac:\u00a0Cela fait un an maintenant que nous avons d\u00e9couvert qu\u2019il y avait de la prospection mini\u00e8re juste \u00e0 l\u2019ouest du lac Viceroy, o\u00f9 deux prospecteurs avaient acquis onze \u00ab claims \u00bb \u2013 rectangles de 60 hectares chacun qui donnent un droit exclusif sur l\u2019exploration du sous-sol. Un an aussi que nous avons nous-m\u00eame achet\u00e9 le reste des claims de notre bassin versant\u2026 \u00bb<\/span><\/a><\/p>\r\n<p>&nbsp;<\/p>\r\n<p><strong>Juillet 2019<\/strong><\/p>\r\n<div class=\"wrapper\">\r\n<div class=\"articles\">\r\n<article>\r\n<div class=\"articleContent\">\r\n<div class=\"wrapper\">\r\n<div class=\"articles\">\r\n<article>\r\n<div class=\"articleTitle\">\r\n<h1><span class=\"emphasis\">Inqui\u00e9tude autour d\u2019un projet de mine de graphite<\/span><\/h1>\r\n<div class=\"teaser\">\r\n<p><span style=\"color: #3366ff;\">Nous nous inqui\u00e9tons toujours de l&rsquo;exploitation mini\u00e8re dans notre r\u00e9gion. Voici une citation de Jean-Thomas L\u00e9veill\u00e9 de La Presse:<\/span><\/p>\r\n<p><span style=\"color: #3366ff;\">Un projet de mine de graphite aux portes de la r\u00e9serve faunique de Papineau-Labelle inqui\u00e8te des r\u00e9sidants du secteur. L\u2019entreprise se montre rassurante en se disant tout autant pr\u00e9occup\u00e9e qu\u2019eux par les questions environnementales.<\/span><\/p>\r\n<\/div>\r\n<\/div>\r\n<div class=\"articleAuthor\"><span style=\"color: #3366ff;\"><span class=\"author\"><span class=\"emphasis allcaps\">Jean-Thomas L\u00e9veill\u00e9<\/span><\/span> <span class=\"agency\"><span class=\"allcaps\">La Presse<\/span><\/span><\/span><\/div>\r\n<div class=\"articleContent\">\r\n<p><span style=\"color: #3366ff;\">\u00ab\u00a0C\u2019est un joyau, ici\u00a0\u00bb, lance Louis Saint-Hilaire, au bout du fil.<\/span><\/p>\r\n<p><span style=\"color: #3366ff;\">Un joyau qui pourrait \u00eatre d\u00e9vast\u00e9 si le projet de mine de graphite La Loutre va de l\u2019avant, craint le pr\u00e9sident de l\u2019Association des propri\u00e9taires du lac Gagnon.<\/span><\/p>\r\n<p><span style=\"color: #3366ff;\">Port\u00e9 par Lomiko Metals, petite entreprise mini\u00e8re de la Colombie-Britannique, le projet n\u2019en est encore qu\u2019au stade exploratoire.<\/span><\/p>\r\n<p><span style=\"color: #3366ff;\">Mais la possibilit\u00e9 de voir une mine s\u2019implanter pr\u00e8s du village de Duhamel, sur le territoire de la municipalit\u00e9 de Lac-des-Plages, a \u00e9t\u00e9 \u00ab\u00a0un d\u00e9clencheur\u00a0\u00bb pour bien des r\u00e9sidants.<\/span><\/p>\r\n<p><span style=\"color: #3366ff;\">Les associations de riverains de sept lacs de la r\u00e9gion, totalisant un millier de membres, se sont unies au sein du Regroupement de protection des lacs de la Petite-Nation pour s\u2019opposer au d\u00e9veloppement de l\u2019industrie mini\u00e8re.<\/span><\/p>\r\n<p><span style=\"color: #3366ff;\">\u00ab\u00a0On n\u2019a pas comme projet de devenir une r\u00e9gion mini\u00e8re\u00a0\u00bb, affirme Louis Saint-Hilaire, expliquant au nom du regroupement que l\u2019endroit est un lieu de vill\u00e9giature o\u00f9 de plus en plus de gens s\u2019installent de fa\u00e7on permanente, comme lui.<\/span><\/p>\r\n<p><span style=\"color: #3366ff;\">\u00ab\u00a0Ce qu\u2019on est venus chercher ici, ce n\u2019est pas des mines\u00a0\u00bb, ajoute-t-il.<\/span><\/p>\r\n<p><span style=\"color: #3366ff;\">En plus de craindre le bruit, la poussi\u00e8re, le dynamitage, l\u2019apparition de montagnes de r\u00e9sidus et les effets sur le paysage, ils sont pr\u00e9occup\u00e9s par les risques li\u00e9s \u00e0 la pollution des lacs, o\u00f9 de nombreux riverains puisent leur eau potable.<\/span><\/p>\r\n<p class=\"emphasis\"><span style=\"color: #3366ff;\">\u00ab\u00a0Il n\u2019y a pas d\u2019acceptabilit\u00e9 sociale pour des projets comme \u00e7a.\u00a0\u00bb<\/span><\/p>\r\n<p><span style=\"color: #3366ff;\">\u2014\u00a0Louis Saint-Hilaire<\/span><\/p>\r\n<p class=\"caption emphasis allcaps\"><span style=\"color: #3366ff;\">Deux classes de citoyens<\/span><\/p>\r\n<p><span style=\"color: #3366ff;\">La protection des zones de vill\u00e9giature est aussi une pr\u00e9occupation pour le maire de Duhamel, David Pharand, qui se plaint de manquer d\u2019outils pour le faire.<\/span><\/p>\r\n<p><span style=\"color: #3366ff;\">\u00ab\u00a0Nos lacs sont notre or bleu\u00a0\u00bb, a-t-il d\u00e9clar\u00e9 dans un entretien avec <span class=\"quote\">La Presse<\/span>.<\/span><\/p>\r\n<p><span style=\"color: #3366ff;\">Il ne s\u2019oppose pas pour autant \u00e0 l\u2019arriv\u00e9e de l\u2019industrie mini\u00e8re dans la r\u00e9gion\u00a0; il salue d\u2019ailleurs la collaboration de Lomiko Metals, qui fait preuve de transparence.<\/span><\/p>\r\n<p><span style=\"color: #3366ff;\">L\u2019essentiel, pour lui, consiste \u00e0 bien choisir l\u2019emplacement des installations pour qu\u2019elles ne nuisent pas aux citoyens et donc de les interdire \u00e0 proximit\u00e9 des lacs de la r\u00e9gion.<\/span><\/p>\r\n<p><span style=\"color: #3366ff;\">Or, la Loi sur les mines ne permet pas aux municipalit\u00e9s de prot\u00e9ger les \u00ab\u00a0lacs habit\u00e9s\u00a0\u00bb de la m\u00eame fa\u00e7on que les \u00ab\u00a0p\u00e9rim\u00e8tres urbains\u00a0\u00bb, ce qui cr\u00e9e \u00ab\u00a0deux classes de citoyens\u00a0\u00bb, d\u00e9plore-t-il.<\/span><\/p>\r\n<p class=\"emphasis\"><span style=\"color: #3366ff;\">\u00ab\u00a0Le probl\u00e8me ne se trouve pas du c\u00f4t\u00e9 des mini\u00e8res, il se trouve du c\u00f4t\u00e9 du gouvernement provincial.\u00a0\u00bb<\/span><\/p>\r\n<p><span style=\"color: #3366ff;\">\u2014\u00a0David Pharand, maire de Duhamel<\/span><\/p>\r\n<p><span style=\"color: #3366ff;\">Le maire Pharand dit qu\u2019un comit\u00e9 intermunicipal a \u00e9t\u00e9 form\u00e9 au sein de la municipalit\u00e9 r\u00e9gionale de comt\u00e9 (MRC) de Papineau pour faire des d\u00e9marches aupr\u00e8s du gouvernement qu\u00e9b\u00e9cois afin d\u2019obtenir davantage de pouvoirs de protection.<\/span><\/p>\r\n<p><span style=\"color: #3366ff;\">Le minist\u00e8re de l\u2019\u00c9nergie et des Ressources naturelles confirme avoir des discussions en ce sens, mais dit \u00eatre pour l\u2019instant en attente de pr\u00e9cisions de la part de la MRC.<\/span><\/p>\r\n<p class=\"caption emphasis allcaps\"><span style=\"color: #3366ff;\">Une \u00ab\u00a0entreprise verte\u00a0\u00bb<\/span><\/p>\r\n<p><span style=\"color: #3366ff;\">Les questions environnementales pr\u00e9occupent Lomiko Metals autant que les habitants de la r\u00e9gion o\u00f9 la mine de graphite La Loutre pourrait voir le jour, assure le pr\u00e9sident et directeur g\u00e9n\u00e9ral de l\u2019entreprise, Paul Gill, que <span class=\"quote\">La Presse<\/span> a joint en Colombie-Britannique.<\/span><\/p>\r\n<p><span style=\"color: #3366ff;\">\u00ab\u00a0Nous nous consid\u00e9rons comme une entreprise verte\u00a0\u00bb, dit-il, assurant que les gens de la r\u00e9gion seront rassur\u00e9s quand son entreprise ira \u00e0 leur rencontre, d\u2019ici six mois, quand le projet sera plus avanc\u00e9.<\/span><\/p>\r\n<p><span style=\"color: #3366ff;\">Lomiko Metals ne conna\u00eet pas encore l\u2019estimation des ressources et n\u2019a donc pas d\u00e9termin\u00e9 o\u00f9 pr\u00e9cis\u00e9ment son \u00e9ventuelle mine pourrait \u00eatre situ\u00e9e sur le site de 25\u00a0km<span class=\"superscript\">2<\/span> pour lequel elle d\u00e9tient des claims.<\/span><\/p>\r\n<p><span style=\"color: #3366ff;\">\u00ab\u00a0On vise quelques endroits diff\u00e9rents \u00e0 haute teneur\u00a0\u00bb, explique M.\u00a0Gill, assurant que \u00e7a ne sera pas \u00e0 proximit\u00e9 d\u2019un plan d\u2019eau, pour \u00e9viter tant la contamination des lacs que l\u2019infiltration d\u2019eau dans la mine.<\/span><\/p>\r\n<p><span style=\"color: #3366ff;\">Le plus gros enjeu dans l\u2019exploitation d\u2019une telle mine est la g\u00e9n\u00e9ration de sous-produits comme le sulfure, affirme Paul Gill, se disant \u00ab\u00a0chanceux\u00a0\u00bb qu\u2019il n\u2019y en ait pas sur le site de La Loutre.<\/span><\/p>\r\n<p><span style=\"color: #3366ff;\">L\u2019entreprise pr\u00e9voit achever l\u2019estimation des ressources d\u2019ici l\u2019automne, puis l\u2019\u00e9valuation \u00e9conomique pr\u00e9liminaire du projet d\u2019ici la fin de l\u2019hiver prochain\u00a0; elle se lancera ensuite dans la recherche de financement dans le but de d\u00e9marrer l\u2019exploitation en 2023 ou 2024.<\/span><\/p>\r\n<p class=\"secondaryTitle allcaps emphasis\"><span style=\"color: #3366ff;\">D\u2019autres projets de mines de graphite<\/span><\/p>\r\n<p><span style=\"color: #3366ff;\">L\u2019inqui\u00e9tude soulev\u00e9e par le projet La Loutre fait \u00e9cho \u00e0 l\u2019opposition que rencontre celui de l\u2019entreprise Nouveau Monde Graphite \u00e0 Saint-Michel-des-Saints, dans Lanaudi\u00e8re, ainsi qu\u2019\u00e0 celui de Canada Carbon \u00e0 Grenville-sur-la-Rouge, dans les Laurentides. Ces trois sites se trouvent dans la province g\u00e9ologique de Grenville, o\u00f9 se concentrent les gisements de graphite, min\u00e9ral de carbone qui entre dans la fabrication des t\u00e9l\u00e9phones cellulaires et des batteries pour v\u00e9hicules \u00e9lectriques. Il s\u2019agit du seul min\u00e9ral non m\u00e9tallique conducteur d\u2019\u00e9lectricit\u00e9. La province g\u00e9ologique de Grenville s\u2019\u00e9tend sur plus de 2000\u00a0kilom\u00e8tres entre les Grands Lacs et le Labrador, sur une largeur d\u2019environ 350\u00a0kilom\u00e8tres.<\/span><\/p>\r\n<\/div>\r\n<\/article>\r\n<\/div>\r\n<div class=\"screenCatFish\">Ce texte provenant de La\u00a0Presse+<\/div>\r\n<\/div>\r\n<\/div>\r\n<\/article>\r\n<\/div>\r\n<\/div>\r\n\r\n\r\n\r\n\r\n\r\n<p class=\"has-text-color\" style=\"color: #348bbe;\">L\u2019\u00e9t\u00e9 2019 l\u2019APLV a fait partie des membres fondateurs du Regroupement de protection des lacs de la Petite-Nation.\u00a0 Ce regroupement cherche principalement \u00e0 prot\u00e9ger la r\u00e9gion des probl\u00e8mes li\u00e9s \u00e0 l\u2019exploitation mini\u00e8re.\u00a0 \u00c0 ce jour, le regroupement a re\u00e7u l\u2019appui d\u2019un bon nombre de municipalit\u00e9s de la MRC Papineau ainsi que d\u2019organismes et il a port\u00e9 ses requ\u00eates au ministre de la r\u00e9gion ainsi qu\u2019au ministre du MERN (Minist\u00e8re de l\u2019\u00c9nergie et des Ressources Naturelles du Qu\u00e9bec) dont d\u00e9pend l\u2019exploration et l\u2019exploitation mini\u00e8re.\u00a0 Plusieurs pr\u00e9sentations ont \u00e9t\u00e9 effectu\u00e9es dont une au congr\u00e8s international sur la gestion des mines dans un contexte de changements climatiques organis\u00e9 par Mining Watch Canada.\u00a0 Un m\u00e9moire est en cours de r\u00e9daction et devrait \u00eatre pr\u00e9sent\u00e9 au ministre au courant du mois de f\u00e9vrier 2020.\u00a0 Un excellent article de Benoit Sabourin sur la question a \u00e9t\u00e9 publi\u00e9 dans le journal Le Droit<\/p>\r\n\r\n\r\n\r\n<p class=\"has-text-color has-vivid-purple-color\">(<a href=\"https:\/\/www.ledroit.com\/actualites\/petite-nation\/la-menace-dun-possible-boom-minier-en-outaouais-2f8ebced04996c366d952b03afcd92ad\" target=\"_blank\" rel=\"noreferrer noopener\">https:\/\/www.ledroit.com\/actualites\/petite-nation\/la-menace-dun-possible-boom-minier-en-outaouais-2f8ebced04996c366d952b03afcd92ad<\/a>).\u00a0\u00bb<\/p>\r\n\r\n\r\n\r\n<figure class=\"wp-block-image\"><img decoding=\"async\" src=\"https:\/\/images.omerlocdn.com\/resize?url=https%3A%2F%2Fgcm.omerlocdn.com%2Fproduction%2Fglobal%2Ffiles%2Fimage%2Fd6719b76-7789-4f81-a658-ee3b67413e85.png&amp;stripmeta=true&amp;width=1024&amp;type=jpeg\" alt=\"\" \/><\/figure>\r\n\r\n\r\n\r\n<p><strong>Ao\u00fbt 2022<\/strong><\/p>\r\n<p>Outaouais, Laurentides, Lanaudi\u00e8res, Mauricie<br \/>Un boom minier pr\u00e8s de chez vous?<\/p>\r\n<p>Claims miniers ao\u00fbt 2022<\/p>\r\n<p><img decoding=\"async\" src=\"https:\/\/aplv.ca\/wordpress\/wp-content\/uploads\/2022\/08\/169_Claims-miniers-aout-2022v2-pdf-1024x791.jpg\" \/><\/p>\r\n<p><a href=\"https:\/\/aplv.ca\/wordpress\/wp-content\/uploads\/2022\/08\/169_Claims-miniers-aout-2022v2.pdf\">169_Claims miniers aout 2022v2<\/a><\/p>\r\n","protected":false},"excerpt":{"rendered":"<p>D\u00e9cembre 2011 Il y a un risque de prospection mini\u00e8re non loin de notre lac. En effet, nous avons appris fin ao\u00fbt que des concessions d\u2019exploration (le minist\u00e8re des Ressources naturelles les appelle des \u00ab claims \u00bb) avaient \u00e9t\u00e9 achet\u00e9es &hellip; <a href=\"https:\/\/aplv.ca\/wordpress\/?page_id=614\">Continuer la lecture <span class=\"meta-nav\">&rarr;<\/span><\/a><\/p>\n","protected":false},"author":1,"featured_media":0,"parent":0,"menu_order":0,"comment_status":"closed","ping_status":"closed","template":"sidebar-page.php","meta":{"footnotes":""},"class_list":["post-614","page","type-page","status-publish","hentry"],"_links":{"self":[{"href":"https:\/\/aplv.ca\/wordpress\/index.php?rest_route=\/wp\/v2\/pages\/614","targetHints":{"allow":["GET"]}}],"collection":[{"href":"https:\/\/aplv.ca\/wordpress\/index.php?rest_route=\/wp\/v2\/pages"}],"about":[{"href":"https:\/\/aplv.ca\/wordpress\/index.php?rest_route=\/wp\/v2\/types\/page"}],"author":[{"embeddable":true,"href":"https:\/\/aplv.ca\/wordpress\/index.php?rest_route=\/wp\/v2\/users\/1"}],"replies":[{"embeddable":true,"href":"https:\/\/aplv.ca\/wordpress\/index.php?rest_route=%2Fwp%2Fv2%2Fcomments&post=614"}],"version-history":[{"count":26,"href":"https:\/\/aplv.ca\/wordpress\/index.php?rest_route=\/wp\/v2\/pages\/614\/revisions"}],"predecessor-version":[{"id":1427,"href":"https:\/\/aplv.ca\/wordpress\/index.php?rest_route=\/wp\/v2\/pages\/614\/revisions\/1427"}],"wp:attachment":[{"href":"https:\/\/aplv.ca\/wordpress\/index.php?rest_route=%2Fwp%2Fv2%2Fmedia&parent=614"}],"curies":[{"name":"wp","href":"https:\/\/api.w.org\/{rel}","templated":true}]}}