{"id":788,"date":"2016-03-19T11:17:00","date_gmt":"2016-03-19T15:17:00","guid":{"rendered":"http:\/\/aplv.ca\/wordpress\/?page_id=788"},"modified":"2024-06-26T22:33:28","modified_gmt":"2024-06-27T02:33:28","slug":"subvention-pour-aines-pour-contrer-les-hausses-de-taxes-municipales","status":"publish","type":"page","link":"https:\/\/aplv.ca\/wordpress\/?page_id=788","title":{"rendered":"Subvention pour a\u00een\u00e9s pour contrer les hausses de taxes municipales"},"content":{"rendered":"<p><tt class=\"letterText\">Lors de son budget 2016 , le gouvernement du Qu\u00e9bec a mis en \u0153uvre une nouvelle subvention pour les a\u00een\u00e9s afin de les aider \u00e0 contrer les hausses importantes de leur compte de taxes municipales.<\/tt><\/p>\n<p>Qui pourra b\u00e9n\u00e9ficier de cette subvention?<\/p>\n<p>Les personnes ayant 65 ans au d\u00e9but de l\u2019ann\u00e9e seront admissibles \u00e0 la subvention. Cependant, elles devront remplir les conditions suivantes:<\/p>\n<p>Leur revenu familial ne doit pas exc\u00e9der 61 200 $ pour l\u2019ann\u00e9e 2023. Ce montant sera index\u00e9. \u00a0(votre revenu familial correspond au montant de la ligne\u00a0275 de votre d\u00e9claration\u00a0<strong>plus<\/strong>, si vous aviez un conjoint au 31\u00a0d\u00e9cembre\u00a02023, le montant de la ligne\u00a0275 de sa d\u00e9claration).<\/p>\n<p>Elles devront \u00eatre propri\u00e9taires au 31 d\u00e9cembre de l\u2019ann\u00e9e pr\u00e9c\u00e9dente et \u00eatre propri\u00e9taires de leur r\u00e9sidence depuis au moins 15 ann\u00e9es cons\u00e9cutives. Il est \u00e0 noter que les ann\u00e9es pendant lesquelles la r\u00e9sidence \u00e9tait d\u00e9tenue par le conjoint seront consid\u00e9r\u00e9es.<\/p>\n<p>Elles sont les personnes \u00e0 qui s\u2019adresse le compte de taxes.<\/p>\n<p>Leur r\u00e9sidence est leur r\u00e9sidence principale. De plus, la personne concern\u00e9e ne doit pas louer d\u2019espace dans sa r\u00e9sidence. Celle-ci comporte un seul logement et est enti\u00e8rement r\u00e9sidentielle au r\u00f4le d\u2019\u00e9valuation de la municipalit\u00e9.<\/p>\n<p>Il est \u00e0 noter que les condos et les maisons mobiles sont \u00e9galement admissibles \u00e0 ce programme de subvention.<\/p>\n<p>Comment se calcule le montant de la subvention?<\/p>\n<p>Le montant de la subvention se calcule en fonction de l\u2019augmentation de la valeur de la r\u00e9sidence selon le r\u00f4le d\u2019\u00e9valuation de votre municipalit\u00e9. R\u00e8gle g\u00e9n\u00e9rale, le calcul sera fait pour les trois ann\u00e9es lors de l\u2019\u00e9valuation triennale de votre municipalit\u00e9. Si ce r\u00f4le est d\u00e9j\u00e0 en vigueur lors de votre demande, le calcul sera bas\u00e9 sur les donn\u00e9es du r\u00f4le en vigueur, et ce, depuis la premi\u00e8re ann\u00e9e. Ainsi, si l\u2019augmentation de la valeur de votre r\u00e9sidence a exc\u00e9d\u00e9 de plus de 7,5 % l\u2019augmentation moyenne des immeubles d\u2019un logement de la municipalit\u00e9, une partie des taxes fonci\u00e8res sur cette augmentation vous sera rembours\u00e9e.<\/p>\n<p>Exemple: Si l\u2019augmentation moyenne du r\u00f4le d\u2019\u00e9valuation est de 12,5 %, vous serez admissible \u00e0 la subvention si la valeur fonci\u00e8re de votre r\u00e9sidence est de 20 %, soit 12,5 % + 7,5 %. Cela semble difficile \u00e0 d\u00e9terminer. Rassurez-vous, votre municipalit\u00e9 sera tenue de vous indiquer annuellement le montant de la subvention admissible si vous remplissez les autres conditions.<\/p>\n<p>Comment sera vers\u00e9 le montant de la subvention?<\/p>\n<p>Ce montant pourra \u00eatre vers\u00e9 apr\u00e8s la production de votre d\u00e9claration de revenus annuelle, soit par d\u00e9p\u00f4t direct ou par ch\u00e8que. Il est \u00e9galement possible d\u2019utiliser le montant de la subvention pour r\u00e9duire la somme que vous devez payer en imp\u00f4t.<\/p>\n<p>Pour plus de renseignements sur cette subvention, voyez les instructions concernant le\u00a0<a href=\"https:\/\/www.revenuquebec.ca\/fr\/citoyens\/declaration-de-revenus\/produire-votre-declaration-de-revenus\/comment-remplir-votre-declaration\/aide-par-ligne\/451-a-480-remboursement-ou-solde-a-payer\/ligne-462\/point-29\/\">point\u00a029<\/a>\u00a0de la\u00a0ligne\u00a0462 dans le\u00a0<em>Guide de la d\u00e9claration de revenus<\/em>\u00a0(TP-1.G)\u00a0ou celles donn\u00e9es dans le formulaire\u00a0<em>Subvention pour a\u00een\u00e9s relative \u00e0 une hausse de taxes municipales<\/em>\u00a0(<a href=\"https:\/\/www.revenuquebec.ca\/fr\/services-en-ligne\/formulaires-et-publications\/details-courant\/tp-1029-tm\/\">TP-1029.TM<\/a>).<\/p>\n","protected":false},"excerpt":{"rendered":"<p>Lors de son budget 2016 , le gouvernement du Qu\u00e9bec a mis en \u0153uvre une nouvelle subvention pour les a\u00een\u00e9s afin de les aider \u00e0 contrer les hausses importantes de leur compte de taxes municipales. Qui pourra b\u00e9n\u00e9ficier de cette &hellip; <a href=\"https:\/\/aplv.ca\/wordpress\/?page_id=788\">Continuer la lecture <span class=\"meta-nav\">&rarr;<\/span><\/a><\/p>\n","protected":false},"author":1,"featured_media":0,"parent":0,"menu_order":0,"comment_status":"closed","ping_status":"closed","template":"","meta":{"footnotes":""},"class_list":["post-788","page","type-page","status-publish","hentry"],"_links":{"self":[{"href":"https:\/\/aplv.ca\/wordpress\/index.php?rest_route=\/wp\/v2\/pages\/788","targetHints":{"allow":["GET"]}}],"collection":[{"href":"https:\/\/aplv.ca\/wordpress\/index.php?rest_route=\/wp\/v2\/pages"}],"about":[{"href":"https:\/\/aplv.ca\/wordpress\/index.php?rest_route=\/wp\/v2\/types\/page"}],"author":[{"embeddable":true,"href":"https:\/\/aplv.ca\/wordpress\/index.php?rest_route=\/wp\/v2\/users\/1"}],"replies":[{"embeddable":true,"href":"https:\/\/aplv.ca\/wordpress\/index.php?rest_route=%2Fwp%2Fv2%2Fcomments&post=788"}],"version-history":[{"count":3,"href":"https:\/\/aplv.ca\/wordpress\/index.php?rest_route=\/wp\/v2\/pages\/788\/revisions"}],"predecessor-version":[{"id":1509,"href":"https:\/\/aplv.ca\/wordpress\/index.php?rest_route=\/wp\/v2\/pages\/788\/revisions\/1509"}],"wp:attachment":[{"href":"https:\/\/aplv.ca\/wordpress\/index.php?rest_route=%2Fwp%2Fv2%2Fmedia&parent=788"}],"curies":[{"name":"wp","href":"https:\/\/api.w.org\/{rel}","templated":true}]}}