{"id":82,"date":"2012-03-03T18:31:29","date_gmt":"2012-03-03T23:31:29","guid":{"rendered":"http:\/\/aplv.ca\/wordpress\/?page_id=82"},"modified":"2012-09-23T13:35:22","modified_gmt":"2012-09-23T17:35:22","slug":"lac-viceroy-2","status":"publish","type":"page","link":"https:\/\/aplv.ca\/wordpress\/?page_id=82","title":{"rendered":"Historique et g\u00e9ographie du lac"},"content":{"rendered":"<p>Le lac Vert a \u00e9t\u00e9 cartographi\u00e9 en 1852 et renomm\u00e9 Viceroy en 1931 afin de mettre un terme \u00e0 la confusion caus\u00e9e par l\u2019existence du lac Vert situ\u00e9 non loin du domaine des P\u00e8res Blancs d\u2019Afrique \u00e0 Montpellier. Le lac baignant en grande partie dans le canton de Ripon doit son nom au marquis de Ripon, haut fonctionnaire britannique et vice-roi des Indes de 1880 \u00e0 1884.<\/p>\n<p>Les municipalit\u00e9s de Ripon et Lac-Simon bornent le Viceroy. Il s\u2019\u00e9tend sur 3,3 km de longueur et atteint une largeur de 0,5 km. On y croise la petite \u00eele Jacques, l\u2019\u00eele aux Huards abritant une aire de nidification, l\u2019\u00eele Levert et sa vieille \u00e9olienne \u00e0 l\u2019abri du vent, l\u2019\u00eele Saint-Jacques gu\u00e9able par la baie du Ruisseau et l\u2019\u00eele Saint-Pierre \u2013 cette derni\u00e8re est aussi appel\u00e9e l\u2019\u00eele Sauvage \u2013 d\u00e9sign\u00e9e zone prot\u00e9g\u00e9e qui couvre une superficie de 25 acres.<\/p>\n<p>Le lac Viceroy est un lac de t\u00eate aliment\u00e9 par des sources souterraines, aucun cours d\u2019eau d\u2019un autre bassin ne s\u2019y jette, ni courant fort ne transporte de d\u00e9versements ailleurs. La transparence de l\u2019eau observ\u00e9e \u00e0 plus de dix m\u00e8tres surpasse la moyenne des lacs au Qu\u00e9bec, des baigneuses \u00e9mues par sa beaut\u00e9 l\u2019ont appel\u00e9 le lac \u00e0 l\u2019eau b\u00e9nite. La faune aquatique se compose surtout du touladi (truite grise), de l\u2019achigan et du cor\u00e9gone (poisson blanc).<\/p>\n<p>Le lac Viceroy sert exclusivement \u00e0 des fins r\u00e9cr\u00e9atives et constitue sans contredit l\u2019un des joyaux de la r\u00e9gion.<\/p>\n<p><a href=\"https:\/\/aplv.ca\/wordpress\/wp-content\/uploads\/2012\/04\/carte-des-chemins.png\"><img loading=\"lazy\" decoding=\"async\" class=\"aligncenter size-full wp-image-514\" title=\"carte des chemins\" src=\"https:\/\/aplv.ca\/wordpress\/wp-content\/uploads\/2012\/04\/carte-des-chemins.png\" alt=\"\" width=\"566\" height=\"732\" srcset=\"https:\/\/aplv.ca\/wordpress\/wp-content\/uploads\/2012\/04\/carte-des-chemins.png 566w, https:\/\/aplv.ca\/wordpress\/wp-content\/uploads\/2012\/04\/carte-des-chemins-231x300.png 231w\" sizes=\"auto, (max-width: 566px) 100vw, 566px\" \/><\/a><\/p>\n<p><a href=\"https:\/\/aplv.ca\/wordpress\/wp-content\/uploads\/2012\/09\/image-train.jpg\"><img loading=\"lazy\" decoding=\"async\" class=\"alignleft size-thumbnail wp-image-611\" title=\"image train\" src=\"https:\/\/aplv.ca\/wordpress\/wp-content\/uploads\/2012\/09\/image-train-150x150.jpg\" alt=\"\" width=\"150\" height=\"150\" \/><\/a><\/p>\n<p><strong>La petite histoire du chemin de fer de la Compagnie Singer<\/strong><\/p>\n<p>La Compagnie Singer, fond\u00e9e en 1906 \u00e0 Boston (Massachusetts), importait du bois pour la fabrication de ses tables de machines \u00e0 coudre. Mais en 1922, elle d\u00e9cide d&rsquo;acheter un droit de coupe sur des terres de la r\u00e9gion et d\u2019y construire une scierie. L\u2019acquisition de 500 milles carr\u00e9s de for\u00eat au nord et au nord-ouest de Thurso se fait en 1923 pour la somme de 500 000 dollars.<\/p>\n<p>Ces terres \u00e9taient utilis\u00e9es pour la chasse et la p\u00eache par les Indiens Oueskarini. Canard-Blanc, le plus connu de ces Indiens, demeurait sur une \u00eele du lac Simon. Comme ses p\u00e9r\u00e9grinations l\u2019amenaient au nord de Duhamel, ses connaissances de la r\u00e9gion ont \u00e9t\u00e9 tr\u00e8s utiles pour les constructeurs du chemin de fer. On dit qu&rsquo;il a v\u00e9cu jusqu&rsquo;\u00e0 l&rsquo;\u00e2ge de 112 ans.<\/p>\n<p>Les esp\u00e8ces dominantes au nord de Thurso \u00e9taient le bouleau jaune, l&rsquo;\u00e9rable et le sapin. Le bouleau jaune, qui \u00e9tait particuli\u00e8rement recherch\u00e9 par la compagnie, est un bois dur qui, contrairement au bois mou, ne flotte pas sur l&rsquo;eau, et ne pouvait donc pas \u00eatre descendu par la rivi\u00e8re de la Petite-Nation. C\u2019est pourquoi la Compagnie Singer devait construire une voie ferr\u00e9e pour le transport du bois.<\/p>\n<p>Thurso a alors un emplacement strat\u00e9gique pour la scierie. Mais la concurrence est forte avec les communaut\u00e9s adjacentes de Plaisance et de Masson, les trois cur\u00e9s d\u00e9fendant les int\u00e9r\u00eats de leur paroisse. De plus, l&rsquo;\u00e9v\u00eaque de Hull h\u00e9site \u00e0 vendre le terrain de Thurso, car celui-ci avait \u00e9t\u00e9 donn\u00e9 \u00e0 l&rsquo;\u00c9glise \u00e0 la condition qu&rsquo;il ne soit utilis\u00e9 que pour le seul b\u00e9n\u00e9fice des catholiques. En fin de compte, l&rsquo;\u00e9v\u00eaque se laisse attendrir et ouvre la voie \u00e0 l\u2019implantation de la scierie \u00e0 Thurso.<\/p>\n<p>O\u00f9 loger les ouvriers durant la construction de la voie ferr\u00e9e et de la scierie ? Thurso est un tout petit village\u2026 Mais le cur\u00e9 a une id\u00e9e : un dimanche, en chaire, il demande \u00e0 ses paroissiens de d\u00e9m\u00e9nager \u00e0 Fasset, quinze milles plus \u00e0 l&rsquo;est, faisant ainsi de la place \u00e0 Thurso pour loger les ouvriers. Les propri\u00e9taires sont g\u00e9n\u00e9reusement r\u00e9tribu\u00e9s.<\/p>\n<p>La construction commence au printemps de 1925, et on construit des camps pouvant abriter quelque 80 ouvriers. La Seconde guerre mondiale vient nuire au travail en cr\u00e9ant une demande g\u00e9n\u00e9rale pour le bois, en particulier pour la construction des avions et la fabrication des h\u00e9lices. En 1942, un embranchement du chemin de fer est construit vers la Baie de l&rsquo;Ours, permettant de recevoir le bois flott\u00e9 \u00e0 partir du lac Gagnon, par la Petite-Nation et par les lacs Simon et Barri\u00e8re. Pendant la guerre, le gouvernement exerce un contr\u00f4le strict sur les relations de la compagnie avec ses employ\u00e9s, et il est interdit d\u2019engager ou de cong\u00e9dier quelqu\u2019un sans l&rsquo;approbation des autorit\u00e9s; personne ne peut non plus quitter son travail sans autorisation. Les avis suivants sont affich\u00e9s :<\/p>\n<p style=\"text-align: center;\">POUR VOTRE S\u00c9CURIT\u00c9<\/p>\n<p style=\"text-align: center;\">ET POUR LA S\u00c9CURIT\u00c9 DE VOTRE FAMILLE ET DE VOS AMIS,<\/p>\n<p style=\"text-align: center;\">AIDEZ-NOUS \u00c0 BATTRE HITLER<\/p>\n<p style=\"text-align: center;\">PAR VOTRE PONCTUALIT\u00c9<\/p>\n<p style=\"text-align: center;\">ET PAR LE MEILLEUR TRAVAIL QUE VOUS POUVEZ FAIRE.<\/p>\n<p>L&rsquo;automne de 1943, quelques intern\u00e9s allemands sont install\u00e9s au Camp no 15 afin de travailler \u00e0 la construction du chemin de fer et \u00e0 la coupe du bois. Ce travail, aux termes d&rsquo;un contrat entre la Compagnie Singer et le minist\u00e8re f\u00e9d\u00e9ral du Travail, occupe une cinquantaine d&rsquo;Allemands, dont six ou sept prisonniers. Le niveau de s\u00e9curit\u00e9 n&rsquo;est pas tr\u00e8s \u00e9lev\u00e9, m\u00eame si la surveillance est confi\u00e9e \u00e0 un gardien de la prison montr\u00e9alaise de Bordeaux, qui supervise les autres gardiens employ\u00e9s par la Singer. Les prisonniers re\u00e7oivent un salaire de 20 cents par jour, sous forme de cigarettes ou de chocolat. Le travail n\u2019est pas trop dur et l&rsquo;atmosph\u00e8re est d\u00e9tendue malgr\u00e9 la s\u00e9v\u00e9rit\u00e9 du gardien.<\/p>\n<p>Les intern\u00e9s doivent de temps en temps se rendre chez le dentiste, \u00e0 Buckingham. Le voyage est long, d\u2019abord \u00e0 bord du train du TNVR jusqu&rsquo;\u00e0 Thurso, puis du train du Canadien Pacifique jusqu&rsquo;\u00e0 Buckingham en passant par Masson. Ces \u00e9trangers, qui portent un uniforme bleu avec un grand cercle rouge dans le dos, sont alors bien connus dans la r\u00e9gion. Un jour, ils versent quelques bonnes rasades d&rsquo;alcool \u00e0 leur gardien et vont s\u2019amuser en ville. Quelques semaines plus tard, il y a bien des mines piteuses lorsqu&rsquo;on d\u00e9couvre qu&rsquo;un groupe d&rsquo;intern\u00e9s allemands d\u00e9tenus au fond d\u2019une for\u00eat imp\u00e9n\u00e9trable sont atteints\u2026 de maladies v\u00e9n\u00e9riennes.<\/p>\n<p>Les r\u00e9serves de bois mou avaient \u00e9t\u00e9 \u00e9puis\u00e9es dans les ann\u00e9es suivant l&rsquo;acquisition du droit de coupe par la Singer. Mais au milieu des ann\u00e9es 1950, elles se sont assez reconstitu\u00e9es pour qu\u2019on puisse envisager la production de p\u00e2te \u00e0 papier. En 1956 na\u00eet la Thurso Pulp and Paper Company. L\u2019usine de p\u00e2tes et papiers est inaugur\u00e9e en 1958. Sa production de p\u00e2te est de 200 tonnes par jour.<\/p>\n<p>Jusqu&rsquo;en 1958, le chemin de fer est le seul moyen de transport pour le travail dans les for\u00eats de la r\u00e9gion. Mais la construction d\u2019une route de terre l&rsquo;ann\u00e9e suivante brise ce monopole. Et en 1959, la Compagnie Singer commence la fabrication, l&rsquo;assemblage et la finition de ses tables de machines \u00e0 coudre \u00e0 Saint-Jean-sur-Richelieu. L&rsquo;usine de Thurso est vendue en 1964 \u00e0 la James MacLaren ompany. Au d\u00e9but des ann\u00e9es 1970, le pavage des routes met les chemins de fer en concurrence avec le camionnage. Les activit\u00e9s du TNVR se poursuivent n\u00e9anmoins jusqu&rsquo;au d\u00e9but des ann\u00e9es 1980.<\/p>\n<p>Ses activit\u00e9s sont suspendues pour les f\u00eates de No\u00ebl de 1985, mais elles ne reprennent pas les trois premi\u00e8res semaines de 1986. Puis les employ\u00e9s sont inform\u00e9s que le chemin de fer fermerait dans un avenir prochain. Et le 26 septembre 1986, trois wagons plats sont envoy\u00e9s jusqu&rsquo;\u00e0 Duhamel pour r\u00e9cup\u00e9rer le mat\u00e9riel restant. Les outardes passent en grands voiliers vers le sud. Quand elles reviendront au printemps suivant, les rails auront disparu.<\/p>\n<p>&nbsp;<\/p>\n<p>&nbsp;<\/p>\n","protected":false},"excerpt":{"rendered":"<p>Le lac Vert a \u00e9t\u00e9 cartographi\u00e9 en 1852 et renomm\u00e9 Viceroy en 1931 afin de mettre un terme \u00e0 la confusion caus\u00e9e par l\u2019existence du lac Vert situ\u00e9 non loin du domaine des P\u00e8res Blancs d\u2019Afrique \u00e0 Montpellier. Le lac &hellip; <a href=\"https:\/\/aplv.ca\/wordpress\/?page_id=82\">Continuer la lecture <span class=\"meta-nav\">&rarr;<\/span><\/a><\/p>\n","protected":false},"author":1,"featured_media":0,"parent":0,"menu_order":0,"comment_status":"closed","ping_status":"closed","template":"sidebar-page.php","meta":{"footnotes":""},"class_list":["post-82","page","type-page","status-publish","hentry"],"_links":{"self":[{"href":"https:\/\/aplv.ca\/wordpress\/index.php?rest_route=\/wp\/v2\/pages\/82","targetHints":{"allow":["GET"]}}],"collection":[{"href":"https:\/\/aplv.ca\/wordpress\/index.php?rest_route=\/wp\/v2\/pages"}],"about":[{"href":"https:\/\/aplv.ca\/wordpress\/index.php?rest_route=\/wp\/v2\/types\/page"}],"author":[{"embeddable":true,"href":"https:\/\/aplv.ca\/wordpress\/index.php?rest_route=\/wp\/v2\/users\/1"}],"replies":[{"embeddable":true,"href":"https:\/\/aplv.ca\/wordpress\/index.php?rest_route=%2Fwp%2Fv2%2Fcomments&post=82"}],"version-history":[{"count":19,"href":"https:\/\/aplv.ca\/wordpress\/index.php?rest_route=\/wp\/v2\/pages\/82\/revisions"}],"predecessor-version":[{"id":291,"href":"https:\/\/aplv.ca\/wordpress\/index.php?rest_route=\/wp\/v2\/pages\/82\/revisions\/291"}],"wp:attachment":[{"href":"https:\/\/aplv.ca\/wordpress\/index.php?rest_route=%2Fwp%2Fv2%2Fmedia&parent=82"}],"curies":[{"name":"wp","href":"https:\/\/api.w.org\/{rel}","templated":true}]}}