{"id":85,"date":"2012-03-03T18:32:55","date_gmt":"2012-03-03T23:32:55","guid":{"rendered":"http:\/\/aplv.ca\/wordpress\/?page_id=85"},"modified":"2024-06-26T21:28:51","modified_gmt":"2024-06-27T01:28:51","slug":"association-des-proprietaires-du-lac-viceroy-aplv","status":"publish","type":"page","link":"https:\/\/aplv.ca\/wordpress\/?page_id=85","title":{"rendered":"Association des propri\u00e9taires du lac Viceroy et accomplissements"},"content":{"rendered":"<p>L\u2019association des propri\u00e9taires du lac Viceroy (APLV) a vu le jour le 23 octobre 1973. Son mandat demeure encore aujourd\u2019hui et plus que jamais au c\u0153ur de ses pr\u00e9occupations.<\/p>\n<p>\u00ab Promouvoir les int\u00e9r\u00eats des propri\u00e9taires et prot\u00e9ger et am\u00e9liorer l\u2019environnement et les eaux du lac contre toutes formes de pollution et de d\u00e9t\u00e9rioration \u00bb.<\/p>\n<p>L\u2019association compte 120 membres en r\u00e8gle et repr\u00e9sente 65% des propri\u00e9taires.<\/p>\n<p>Les p\u00e8res fondateurs Reynald Brisson, Rh\u00e9al Lapointe, Rolland Renaud et L.D. Germain et les conseils d\u2019administration qui se sont succ\u00e9d\u00e9 ont accompli un travail d\u2019\u00e9ducation consid\u00e9rable. Parmi les projets et les \u00e9tudes environnementales et gouvernementales men\u00e9s \u00e0 bien ou en voie de l\u2019\u00eatre, mentionnons le relev\u00e9 annuel du taux de coliformes, la classification des fosses septiques doubl\u00e9e d\u2019un plan correctif en cons\u00e9quence, l\u2019\u00e9tude du degr\u00e9 d\u2019artificialisation, le programme de r\u00e9g\u00e9n\u00e9ration des rives avec plantation d\u2019arbustes et les \u00e9tudes sur la qualit\u00e9 de l\u2019eau.<\/p>\n<p>Il s\u2019agit d\u2019un travail de tous les instants qui porte ses fruits gr\u00e2ce \u00e0 la collaboration de chacun et chacune d\u2019entre nous.<\/p>\n<p>Voici un bref historique de l&rsquo;APLV:<\/p>\n<p>1973\u00a0\u00a0\u00a0 Lettres patentes provinciales \u00e9mises le 15 juillet 1973, premi\u00e8re r\u00e9union ce jour-l\u00e0<\/p>\n<p>1974\u00a0\u00a0\u00a0 Inspection du lac par le service de l\u2019environnement de la faune de Hull \u00e0 la demande de l\u2019A.P.L.V.\u00a0: constat d\u2019une d\u00e9ficience en oxyg\u00e8ne au-dessous de 50\u00a0pieds de profondeur, d\u00e9notant un degr\u00e9 d\u2019eutrophisation \u00e9lev\u00e9; onze ensemencements entre 1937 et 1976<\/p>\n<p>1977\u00a0\u00a0\u00a0 Quai public ferm\u00e9; normes pour fosses septiques<\/p>\n<p>1979\u00a0\u00a0\u00a0 Ferme Caron, plantation d\u2019arbres pour emp\u00eacher le camping non autoris\u00e9 en bordure du lac<\/p>\n<p>1980\u00a0\u00a0\u00a0 Braconnage, huile sur les chemins de gravelle<\/p>\n<p>1981\u00a0\u00a0\u00a0 Pique-nique des membres; notions de pollution relatives au vieillissement du lac<\/p>\n<p>1982\u00a0\u00a0\u00a0 Vitesse des bateaux; \u00e9tudes sur la qualit\u00e9 de l\u2019eau; acquisition du d\u00e9barcad\u00e8re par la municipalit\u00e9 de Ripon et r\u00e9parations; demande d\u2019enregistrement des prises de poissons;poteaux et c\u00e2bles install\u00e9s le long de la 315; pique-nique; refus de Montpellier de r\u00e8glementer les fosses septiques<\/p>\n<p>1983\u00a0\u00a0\u00a0 Ensemencement du minist\u00e8re; pique-nique; degr\u00e9 d\u2019artificialisation fait en juillet; subvention Projet Relais de 20 700 $ pour nettoyage du lac\/\u00e9ducation\/cr\u00e9ation d&rsquo;un bottin t\u00e9l\u00e9phonique des propri\u00e9taires au lac et autre; soir\u00e9e 10<sup>e<\/sup> anniversaire; \u00e9pandage d\u2019herbicide; d\u00e9boisement; demande de signalisation routi\u00e8re; r\u00e9solution de Ripon pour d\u00e9clarer l\u2019\u00eele Saint-Pierre zone de protection; probl\u00e8me de s\u00e9curit\u00e9 sur la 315; demande de pavage autour du lac; pollution par le bruit : surveillance<\/p>\n<p>1984\u00a0\u00a0\u00a0 R\u00e9sultat final du degr\u00e9 d\u2019artificialisation du lac pour chaque site et am\u00e9lioration \u00e0 pr\u00e9voir; avis \u00e0 ceux qui se lavent ou lavent leurs animaux dans le lac; bruit au quai public; ensemencement du Minist\u00e8re; r\u00e9alisation Projet Relais<\/p>\n<p>1986\u00a0\u00a0\u00a0 Ensemencement; plantation; analyse de l\u2019eau; pique-nique et soir\u00e9e spaghetti; enregistrement des poissons; d\u00e9mant\u00e8lement de la voie ferr\u00e9e; enqu\u00eate de la municipalit\u00e9 sur la mousse de savon; demande d\u2019asphalte \u00e0 l\u2019ouest du lac<\/p>\n<p>1987\u00a0\u00a0\u00a0 Plantation; installation de bou\u00e9es pour les hauts fonds; pque-nique; cotisations recueillies \u00e0 la main; pr\u00e9sentation Tony Lesauteur de FAPEL sur la r\u00e9g\u00e9n\u00e9ration des rives lors de l\u2019A.G.A.<\/p>\n<p>1988\u00a0\u00a0\u00a0 Infractions graves commises au lac Viceroy relativement au corridor TNVR; journ\u00e9e FAPEL pour analyse de l\u2019eau; plantation d\u2019arbustes; venue de Lucie McNeil de FAPEL pour la r\u00e9g\u00e9n\u00e9ration des berges<\/p>\n<p>1989\u00a0\u00a0\u00a0 R\u00e9g\u00e9n\u00e9ration des rives et programme des lacs; 16 analyses faites pour l\u2019eau potable par FAPEL; demande de r\u00e9solution pour vitesse des bateaux; pique-nique; ensemencement par le Minist\u00e8re; formation du groupe de p\u00eacheurs du lac<\/p>\n<p>1990\u00a0\u00a0\u00a0 Ensemencement par le groupe des p\u00eacheurs; pique-nique; route autour du lac avec limitation de vitesse \u00e0 50 km\/h<\/p>\n<p>1991\u00a0\u00a0\u00a0 Bou\u00e9es install\u00e9es pour s\u00e9curit\u00e9; \u00e9tude du Ph du lac par un riverain; permis du Minist\u00e8re pour installer un grillage de retenue des poissons; ensemencement; attention braconnage; r\u00e8glement 143 \u00e0 faire respecter au d\u00e9barcad\u00e8re par une nouvelle pancarte<\/p>\n<p>1992\u00a0\u00a0\u00a0 D\u00e9but du projet de r\u00e9glementation sur la s\u00e9curit\u00e9 nautique; gardien de la rampe les fins de semaine; vitesse sur chemin des Guides; quais sur le lac; ensemencement; pique-nique; fusion de la carte des p\u00eacheurs avec celle de l\u2019A.P.L.V.; pancarte sur l\u2019\u00eele des huards<\/p>\n<p>1993\u00a0\u00a0\u00a0 Grillage install\u00e9 \u00e0 la d\u00e9charge du lac; bou\u00e9es neuves pos\u00e9es; ensemencement avec subventions des municipalit\u00e9s; pique-nique; gardien les fins de semaine; d\u00e9but du dossier hydravions au Manoir Montpellier; annexion de Montpellier avec Ripon<\/p>\n<p>1994\u00a0\u00a0\u00a0 R\u00e8glement sur la vitesse des bateaux approuv\u00e9 par le minist\u00e8re\u00a0 des Affaires municipales; ensemencement; p\u00eache en ville; annexion Montpellier; hydravions<\/p>\n<p>1995\u00a0\u00a0\u00a0 Travaux au grillage; installation de bou\u00e9es de signalisation; ensemencement;\u00a0p\u00eache en ville; savon dans l\u2019eau; \u00a0hydravions<\/p>\n<p>1996\u00a0\u00a0\u00a0 Grillage; pique-nique; bou\u00e9es signal\u00e9tiques; hydravions; nettoyage du lac par des plongeurs de Laval; pas de gardien de la rampe;renouvelement bottin; d\u00e9boisement sud du lac<\/p>\n<p>1997\u00a0 \u00a0 Cr\u00e9ation du logo de l&rsquo;A.P.L.V.; s\u00e9curit\u00e9 nautique; pique-nique; grillage<\/p>\n<p>1998\u00a0\u00a0\u00a0 Rallye sur l\u2019eau; pique-nique; inspection des fosses septiques avec colorant; \u00e9tude du minist\u00e8re de l\u2019Environnement sur le touladi du lac; s\u00e9curit\u00e9 nautique; plainte circuit nautique; grillage; probl\u00e8me achalandage route 315; obligation de lavage des bateaux par Lac-Simon; gardien les fins de semaine pay\u00e9 par l\u2019A.P.L.V.<\/p>\n<p>1999\u00a0\u00a0\u00a0 Projet an 2000; rallye sur l\u2019eau; pique-nique<\/p>\n<p>2000\u00a0\u00a0\u00a0 Fin des pique-niques; accident \u00e9cologique (d\u00e9versement d\u2019un lac caus\u00e9 par digue bris\u00e9e), nettoyage des d\u00e9bris sur le lac suite au d\u00e9versement \u00e9cologique; ensemencement; projet D\u00c9FI : subvention pour gardien de rampe pendant six semaines; plantation route 315; hydravions<\/p>\n<p>2001\u00a0\u00a0\u00a0 Projet des bou\u00e9es signal\u00e9tiques; r\u00e9impression du bottin; subvention gardien de la rampe 35 heures\/ semaine; partage des co\u00fbt de l\u2019analyse biochimique de l\u2019eau entre municipalit\u00e9s;introduction d&rsquo;un colorant pour v\u00e9rifier les syst\u00e8mes septiques \u00e0 Ripon; hydravions; d\u00e9but du recyclage \u00e0 Ripon et Lac-Simon<\/p>\n<p>2002\u00a0 \u00a0 Identification d&rsquo;un herbier sur tout le pourtour du lac;embauche d&rsquo;un \u00e9tudiant pour v\u00e9rifier le lavage des bateaux<\/p>\n<p>2003\u00a0\u00a0\u00a0 Pas de subvention pour le gardien du d\u00e9barcad\u00e8re, quelques heures par semaine pay\u00e9es par Ripon; projet Daniel N\u00e9ron\u00a0: co\u00fbt de l\u2019\u00e9tude; confection d\u2019une fray\u00e8re<\/p>\n<p>2004\u00a0\u00a0\u00a0 Quelques heures par semaine pay\u00e9es par Ripon pour le gardien de la rampe; projet Daniel N\u00e9ron; campagne de dons d\u2019amour lanc\u00e9e pour les co\u00fbts; diagnostique du lac<\/p>\n<p>2005\u00a0\u00a0\u00a0 Ensemencement du minist\u00e8re; projet de d\u00e9veloppement d\u2019Albert Bourdeau; vandalisme sur les pancartes de l\u2019A.P.L.V.; r\u00e9sum\u00e9 de l\u2019\u00e9tude de H\u00e9misph\u00e8re Diagnostique \u00e9cologique de D. N\u00e9ron<\/p>\n<p>2006\u00a0\u00a0\u00a0 Pr\u00e9sentation Lucie McNeil sur l\u2019\u00e9tat des rives; suivi des p\u00eaches exp\u00e9rimentales et ensemencement du minist\u00e8re; obligation de laver les bateaux \u00e0 Lac-Simon; projet de fermeture du d\u00e9barcad\u00e8re<\/p>\n<p>2007\u00a0\u00a0\u00a0 R\u00e9sultats de la diagnose du lac et plan d\u2019action; d\u00e9barcad\u00e8re barr\u00e9 et obligation de lavage des\u00a0 bateaux avant mise \u00e0 l\u2019eau; r\u00e9g\u00e9n\u00e9ration des rives (financement de l\u2019achat d\u2019arbustes par les municipalit\u00e9s)<\/p>\n<p>2008\u00a0\u00a0\u00a0 R\u00e9g\u00e9n\u00e9ration des rives (financement des municipalit\u00e9s pour l\u2019achat des arbustes); demande d\u2019harmonisation des r\u00e8glements Lac-Simon et Ripon;\u00a0 r\u00e9impression bottin<\/p>\n<p>2009\u00a0\u00a0\u00a0 R\u00e9g\u00e9n\u00e9ration des rives (financement des municipalit\u00e9s pour l\u2019achat des arbustes); adresse Internet pour l\u2019A.P.L.V.; six huards adultes mais pas de b\u00e9b\u00e9; assurance responsabilit\u00e9 civile; nouvelle charte; rapport de Karen Arredondo sur les rives; taxes; statu quo pour lavage des bateaux<\/p>\n<p>2010\u00a0\u00a0\u00a0 Deux\u00a0b\u00e9b\u00e9s huards; Auberge Viceroy \u00e0 vendre; hausse des taxes; projet condos secteur \u00a0Lac-Simon; plongeon d\u2019un camion dans le lac sur la 315; nouvelle clef au d\u00e9barcad\u00e8re; 5<sup>e<\/sup> ann\u00e9e avec le r\u00e9seau de surveillance volontaire des lacs (RSVL); code d\u2019\u00e9thique des administrateurs<\/p>\n<p>2011\u00a0\u00a0\u00a0 Pas de b\u00e9b\u00e9s huards; adoption d\u2019une nouvelle version des statuts et r\u00e8glements de l\u2019A.P.L.V.; pancartes \u00ab\u00a0Pas de vagues\u00a0\u00bb; suivi pour le RSVL; travail sur la r\u00e9glementation des quais \u00e0 Ripon<\/p>\n<p>2012\u00a0 \u00a0Cr\u00e9ation du site WEB de l.APLV et adresse courriel: aplv@aplv.ca; inspection du lac pour \u00e9valuation des p\u00e9riphytons; diagnostique du lac<\/p>\n<p>2013\u00a0 Inspection du lac pour \u00e9valuation des p\u00e9riphytons<\/p>\n<p>2015\u00a0 Inspection du lac pour \u00e9valuation des p\u00e9riphytons; probl\u00e8mes des grosses vagues caus\u00e9es par \u2018\u2019 wakeboats \u2018\u2019 commencent<\/p>\n<p>20&#8211;\u00a0 \u00a0Relev\u00e9 de clart\u00e9 du lac Shirley H\u00e9bert<\/p>\n<p>20&#8211;\u00a0 \u00a0R\u00e8glements pour lavage d\u2019embarcations pour \u00e9viter moules z\u00e9br\u00e9es et plantes envahissantes<\/p>\n<p>20&#8211;\u00a0 \u00a0Distribution de pancartes pas de vagues<\/p>\n<p>20&#8211;\u00a0 \u00a0Distribution du collant logo pour bateau en cas de perte contactez<\/p>\n<p>20&#8211;\u00a0 \u00a0Rencontre avec Police SQ contre vols et vandalismes<\/p>\n<p>2017\u00a0 Contacter trappeur pour castors; inscription au r\u00e9seau de surveillance volontaire des lacs (transparence, test physicochimique)<\/p>\n<p>2018\u00a0 Probl\u00e8mes de bruits au Manoir Montpellier<\/p>\n<p>20&#8211;\u00a0 \u00a0Ajout d\u2019option de paiement de cotisation par interac et cr\u00e9ation de l\u2019adresse courriel aplvcotisation@aplv.ca; production d\u2019une carte bathym\u00e9trique du lac<\/p>\n<p>20&#8211;\u00a0 \u00a0Service par courriel de l\u2019 APLV d\u2019objet perdu ou retrouv\u00e9<\/p>\n<p>2021\u00a0 Nouvelles pancartes sur petite \u00eele et barri\u00e8re au quai public; renouvellement des claims<\/p>\n<p>2022\u00a0 \u00c9valuation du lac OBV; distribution nouvelles cl\u00e9s pour barri\u00e8re au quai public<\/p>\n<p>20&#8211;\u00a0 \u00a0Action Viceroy &#8211; Daoust plan d\u2019action<\/p>\n<p>20&#8211;\u00a0 \u00a0Action contre menace mines et claims<\/p>\n<p>20&#8211;\u00a0 \u00a0Action contre menace sabli\u00e8re<\/p>\n<p>20&#8211;\u00a0 \u00a0Joindre comit\u00e9 des lacs contre mini\u00e8res RGLPN<\/p>\n<p>20&#8211;\u00a0 \u00a0Cr\u00e9\u00e9 rencontre Zoom pour r\u00e9union CA et AGA pendant pand\u00e9mie Covid<\/p>\n<p>2022\u00a0 \u00a0Demande \u00e0 Ripon pour r\u00e9paration du quai public et l\u2019am\u00e9lioration de la descente du d\u00e9barcad\u00e8re en la prolongeant; affichage de posters non compatibilit\u00e9 aux mini\u00e8res<\/p>\n<p>2023\u00a0 \u00a0Analyse du Lac Viceroy par OBV; cr\u00e9ation sous-comit\u00e9 control bateaux \u00e0 vagues; affichage de 2 posters au quai public pour limiter les \u2018\u2019wakeboats\u2019\u2019; inspection du lac contre plantes envahissantes; demande de formation du comit\u00e9 ad hoc navigation responsable; planches du quai public remplac\u00e9es et asphalte pos\u00e9e pour combler fissures dans la descente; demande \u00e0 Lac Simon et la voirie des explication des travaux de la route 315 pr\u00e8s du Manoir de Montpellier pour exprimer nos inqui\u00e9tudes sur les risques de d\u00e9versement de la montagne dans le lac<\/p>\n<p>&nbsp;<\/p>\n","protected":false},"excerpt":{"rendered":"<p>L\u2019association des propri\u00e9taires du lac Viceroy (APLV) a vu le jour le 23 octobre 1973. Son mandat demeure encore aujourd\u2019hui et plus que jamais au c\u0153ur de ses pr\u00e9occupations. \u00ab Promouvoir les int\u00e9r\u00eats des propri\u00e9taires et prot\u00e9ger et am\u00e9liorer l\u2019environnement &hellip; <a href=\"https:\/\/aplv.ca\/wordpress\/?page_id=85\">Continuer la lecture <span class=\"meta-nav\">&rarr;<\/span><\/a><\/p>\n","protected":false},"author":1,"featured_media":0,"parent":0,"menu_order":0,"comment_status":"closed","ping_status":"closed","template":"sidebar-page.php","meta":{"footnotes":""},"class_list":["post-85","page","type-page","status-publish","hentry"],"_links":{"self":[{"href":"https:\/\/aplv.ca\/wordpress\/index.php?rest_route=\/wp\/v2\/pages\/85","targetHints":{"allow":["GET"]}}],"collection":[{"href":"https:\/\/aplv.ca\/wordpress\/index.php?rest_route=\/wp\/v2\/pages"}],"about":[{"href":"https:\/\/aplv.ca\/wordpress\/index.php?rest_route=\/wp\/v2\/types\/page"}],"author":[{"embeddable":true,"href":"https:\/\/aplv.ca\/wordpress\/index.php?rest_route=\/wp\/v2\/users\/1"}],"replies":[{"embeddable":true,"href":"https:\/\/aplv.ca\/wordpress\/index.php?rest_route=%2Fwp%2Fv2%2Fcomments&post=85"}],"version-history":[{"count":23,"href":"https:\/\/aplv.ca\/wordpress\/index.php?rest_route=\/wp\/v2\/pages\/85\/revisions"}],"predecessor-version":[{"id":1497,"href":"https:\/\/aplv.ca\/wordpress\/index.php?rest_route=\/wp\/v2\/pages\/85\/revisions\/1497"}],"wp:attachment":[{"href":"https:\/\/aplv.ca\/wordpress\/index.php?rest_route=%2Fwp%2Fv2%2Fmedia&parent=85"}],"curies":[{"name":"wp","href":"https:\/\/api.w.org\/{rel}","templated":true}]}}