{"id":857,"date":"2017-07-17T23:15:01","date_gmt":"2017-07-18T03:15:01","guid":{"rendered":"http:\/\/aplv.ca\/wordpress\/?page_id=857"},"modified":"2017-09-30T09:43:19","modified_gmt":"2017-09-30T13:43:19","slug":"carnet-du-pecheur","status":"publish","type":"page","link":"https:\/\/aplv.ca\/wordpress\/?page_id=857","title":{"rendered":"Carnet du p\u00eacheur"},"content":{"rendered":"<p>Nous\u00a0 recommandons d\u2019enregistrer les prises de poissons p\u00each\u00e9s dans notre lac dans le carnet du p\u00eacheur. Ci-dessous vous trouverez un formulaire d\u2019enregistrement dans la version Excel et dans la version Word. Il est pr\u00e9f\u00e9rable que vous remplissiez la version Excel. Par contre, ce n\u2019est pas une obligation. Id\u00e9alement l\u2019ensemble de colonnes doivent \u00eatre remplies. Par contre, les colonnes essentielles sont le nom du plan d\u2019eau, la dur\u00e9e de la p\u00eache, la date, l\u2019esp\u00e8ce, la longueur totale et l\u2019identification du p\u00eacheur.<\/p>\n<p>Voici les deux formats de carnet du p\u00eacheur:<\/p>\n<p>En format Excel:\u00a0 <a href=\"https:\/\/aplv.ca\/wordpress\/wp-content\/uploads\/2017\/07\/FO_carnet_pecheur_20160627-1.xlsx\">FO_carnet_pecheur_20160627-1<\/a><\/p>\n<p>En format Word:\u00a0 <a href=\"https:\/\/aplv.ca\/wordpress\/wp-content\/uploads\/2017\/07\/FO_carnet_pecheur_20160621-1.doc\">FO_carnet_pecheur_20160621<\/a><\/p>\n","protected":false},"excerpt":{"rendered":"<p>Nous\u00a0 recommandons d\u2019enregistrer les prises de poissons p\u00each\u00e9s dans notre lac dans le carnet du p\u00eacheur. Ci-dessous vous trouverez un formulaire d\u2019enregistrement dans la version Excel et dans la version Word. Il est pr\u00e9f\u00e9rable que vous remplissiez la version Excel. &hellip; <a href=\"https:\/\/aplv.ca\/wordpress\/?page_id=857\">Continuer la lecture <span class=\"meta-nav\">&rarr;<\/span><\/a><\/p>\n","protected":false},"author":1,"featured_media":0,"parent":0,"menu_order":0,"comment_status":"closed","ping_status":"closed","template":"","meta":{"footnotes":""},"class_list":["post-857","page","type-page","status-publish","hentry"],"_links":{"self":[{"href":"https:\/\/aplv.ca\/wordpress\/index.php?rest_route=\/wp\/v2\/pages\/857","targetHints":{"allow":["GET"]}}],"collection":[{"href":"https:\/\/aplv.ca\/wordpress\/index.php?rest_route=\/wp\/v2\/pages"}],"about":[{"href":"https:\/\/aplv.ca\/wordpress\/index.php?rest_route=\/wp\/v2\/types\/page"}],"author":[{"embeddable":true,"href":"https:\/\/aplv.ca\/wordpress\/index.php?rest_route=\/wp\/v2\/users\/1"}],"replies":[{"embeddable":true,"href":"https:\/\/aplv.ca\/wordpress\/index.php?rest_route=%2Fwp%2Fv2%2Fcomments&post=857"}],"version-history":[{"count":3,"href":"https:\/\/aplv.ca\/wordpress\/index.php?rest_route=\/wp\/v2\/pages\/857\/revisions"}],"predecessor-version":[{"id":915,"href":"https:\/\/aplv.ca\/wordpress\/index.php?rest_route=\/wp\/v2\/pages\/857\/revisions\/915"}],"wp:attachment":[{"href":"https:\/\/aplv.ca\/wordpress\/index.php?rest_route=%2Fwp%2Fv2%2Fmedia&parent=857"}],"curies":[{"name":"wp","href":"https:\/\/api.w.org\/{rel}","templated":true}]}}